{"id":5237,"date":"2018-05-29T04:27:59","date_gmt":"2018-05-29T02:27:59","guid":{"rendered":"https:\/\/ad.dms3labs.cat\/botiga-aigua-destillada-purificada\/sem%20categoria\/agua-destilada-bag-in-box-10-litros\/"},"modified":"2021-09-20T09:14:46","modified_gmt":"2021-09-20T07:14:46","slug":"agua-desionizada-destilada-em-bag-in-box-de-10-litros","status":"publish","type":"product","link":"https:\/\/www.adescosa.com\/pt-pt\/loja-agua\/comprar-agua-destilada-desionizada-pt-pt\/agua-desionizada-destilada-em-bag-in-box-de-10-litros\/","title":{"rendered":"\u00c1gua Desionizada (Destilada) em Bag in box de 10 litros"},"content":{"rendered":"<ul>\n<li>Packs de bag in box 10 L d&#8217;\u00e1gua destilada.<\/li>\n<li>\u00c1gua destilada (desionizada)\u00a0alta qualidade com menor condutividade a 1,25 \u00b5S\/cm.<\/li>\n<li>Embalagem de cart\u00e3o de uma s\u00f3 utiliza\u00e7\u00e2o.<\/li>\n<\/ul>\n","protected":false},"excerpt":{"rendered":"<p>Packs de bag in box 10 L d&#8217;\u00e1gua destilada. \u00c1gua destilada (desionizada)\u00a0alta qualidade com menor condutividade a 1,25 \u00b5S\/cm. Embalagem de cart\u00e3o de uma s\u00f3 utiliza\u00e7\u00e2o.<\/p>\n","protected":false},"featured_media":4325,"template":"","meta":{"_et_pb_use_builder":"","_et_pb_old_content":"","_et_gb_content_width":""},"product_brand":[],"product_cat":[85],"product_tag":[],"class_list":{"0":"post-5237","1":"product","2":"type-product","3":"status-publish","4":"has-post-thumbnail","6":"product_cat-comprar-agua-destilada-desionizada-pt-pt","8":"first","9":"instock","10":"taxable","11":"shipping-taxable","12":"purchasable","13":"product-type-variable","14":"has-default-attributes"},"group_of_quantity":0,"min_quantity":0,"max_quantity":"","exclude_order_quantity_value_rules":"no","exclude_category_quantity_rules":"no","combine_variations":"no","_links":{"self":[{"href":"https:\/\/www.adescosa.com\/pt-pt\/wp-json\/wp\/v2\/product\/5237","targetHints":{"allow":["GET"]}}],"collection":[{"href":"https:\/\/www.adescosa.com\/pt-pt\/wp-json\/wp\/v2\/product"}],"about":[{"href":"https:\/\/www.adescosa.com\/pt-pt\/wp-json\/wp\/v2\/types\/product"}],"wp:featuredmedia":[{"embeddable":true,"href":"https:\/\/www.adescosa.com\/pt-pt\/wp-json\/wp\/v2\/media\/4325"}],"wp:attachment":[{"href":"https:\/\/www.adescosa.com\/pt-pt\/wp-json\/wp\/v2\/media?parent=5237"}],"wp:term":[{"taxonomy":"product_brand","embeddable":true,"href":"https:\/\/www.adescosa.com\/pt-pt\/wp-json\/wp\/v2\/product_brand?post=5237"},{"taxonomy":"product_cat","embeddable":true,"href":"https:\/\/www.adescosa.com\/pt-pt\/wp-json\/wp\/v2\/product_cat?post=5237"},{"taxonomy":"product_tag","embeddable":true,"href":"https:\/\/www.adescosa.com\/pt-pt\/wp-json\/wp\/v2\/product_tag?post=5237"}],"curies":[{"name":"wp","href":"https:\/\/api.w.org\/{rel}","templated":true}]}}