{"id":5127,"date":"2019-01-18T11:07:23","date_gmt":"2019-01-18T10:07:23","guid":{"rendered":"https:\/\/ad.dms3labs.cat\/botiga-aigua-destillada-purificada\/sem%20categoria\/torneira-adaptavel\/"},"modified":"2021-09-17T16:43:09","modified_gmt":"2021-09-17T14:43:09","slug":"torneira-adaptavel","status":"publish","type":"product","link":"https:\/\/www.adescosa.com\/pt-pt\/loja-agua\/torneiras-depositos-acessorios\/torneira-adaptavel\/","title":{"rendered":"torneira adapt\u00e1vel Bag in box 20 litros"},"content":{"rendered":"<p>Torneira reutiliz\u00e1vel para ser anexada ao cont\u00eainer de 20 L Bag in Box. Uma vez usada, pode ser extra\u00edda e usada em outro container.<\/p>\n","protected":false},"excerpt":{"rendered":"<p>Torneira reutiliz\u00e1vel para ser anexada ao cont\u00eainer de 20 L Bag in Box. Uma vez usada, pode ser extra\u00edda e usada em outro container.<\/p>\n","protected":false},"featured_media":6296,"template":"","meta":{"_et_pb_use_builder":"","_et_pb_old_content":"","_et_gb_content_width":""},"product_brand":[],"product_cat":[241],"product_tag":[],"class_list":{"0":"post-5127","1":"product","2":"type-product","3":"status-publish","4":"has-post-thumbnail","6":"product_cat-torneiras-depositos-acessorios","8":"first","9":"instock","10":"taxable","11":"shipping-taxable","12":"purchasable","13":"product-type-simple"},"group_of_quantity":0,"min_quantity":0,"max_quantity":"","exclude_order_quantity_value_rules":"no","exclude_category_quantity_rules":"no","combine_variations":"no","_links":{"self":[{"href":"https:\/\/www.adescosa.com\/pt-pt\/wp-json\/wp\/v2\/product\/5127","targetHints":{"allow":["GET"]}}],"collection":[{"href":"https:\/\/www.adescosa.com\/pt-pt\/wp-json\/wp\/v2\/product"}],"about":[{"href":"https:\/\/www.adescosa.com\/pt-pt\/wp-json\/wp\/v2\/types\/product"}],"wp:featuredmedia":[{"embeddable":true,"href":"https:\/\/www.adescosa.com\/pt-pt\/wp-json\/wp\/v2\/media\/6296"}],"wp:attachment":[{"href":"https:\/\/www.adescosa.com\/pt-pt\/wp-json\/wp\/v2\/media?parent=5127"}],"wp:term":[{"taxonomy":"product_brand","embeddable":true,"href":"https:\/\/www.adescosa.com\/pt-pt\/wp-json\/wp\/v2\/product_brand?post=5127"},{"taxonomy":"product_cat","embeddable":true,"href":"https:\/\/www.adescosa.com\/pt-pt\/wp-json\/wp\/v2\/product_cat?post=5127"},{"taxonomy":"product_tag","embeddable":true,"href":"https:\/\/www.adescosa.com\/pt-pt\/wp-json\/wp\/v2\/product_tag?post=5127"}],"curies":[{"name":"wp","href":"https:\/\/api.w.org\/{rel}","templated":true}]}}