{"id":1020,"date":"2016-05-23T12:44:33","date_gmt":"2016-05-23T10:44:33","guid":{"rendered":"https:\/\/www.adescosa.com\/pt-pt\/produto\/contenedor-odl-1000-l-agua-salinacopiar\/"},"modified":"2021-09-17T16:59:17","modified_gmt":"2021-09-17T14:59:17","slug":"agua-salgada-em-conteiner-odl-de-1000-litros","status":"publish","type":"product","link":"https:\/\/www.adescosa.com\/pt-pt\/loja-agua\/comprar-agua-salgada\/agua-salgada-em-conteiner-odl-de-1000-litros\/","title":{"rendered":"\u00c1gua Salgada em Cont\u00eainer ODL de 1000 litros"},"content":{"rendered":"<ul>\n<li>Cont\u00eainer ODL 1000L de \u00e1gua salgada.<\/li>\n<li>\u00c1gua Salgada (NaCl 5%) de alta qualidade.<\/li>\n<li>De acordo com a norma ISO 9227.<\/li>\n<li>Embalagem de cart\u00e3o descart\u00e1vel.<\/li>\n<li>A v\u00e1lvula 2\u2033 \u00e9 vendida separadamente (<a href=\"https:\/\/www.adescosa.com\/pt-pt\/loja-agua\/torneiras-depositos-acessorios\/valvula-odl\/\">clique aqui para ver a folha de dados do produto da v\u00e1lvula<\/a>).<\/li>\n<\/ul>\n","protected":false},"excerpt":{"rendered":"<p>Cont\u00eainer ODL 1000L de \u00e1gua salgada. \u00c1gua Salgada (NaCl 5%) de alta qualidade. De acordo com a norma ISO 9227. Embalagem de cart\u00e3o descart\u00e1vel. A v\u00e1lvula 2\u2033 \u00e9 vendida separadamente (clique aqui para ver a folha de dados do produto da v\u00e1lvula).<\/p>\n","protected":false},"featured_media":6272,"template":"","meta":{"_et_pb_use_builder":"","_et_pb_old_content":"","_et_gb_content_width":""},"product_brand":[],"product_cat":[93],"product_tag":[],"class_list":{"0":"post-1020","1":"product","2":"type-product","3":"status-publish","4":"has-post-thumbnail","6":"product_cat-comprar-agua-salgada","8":"first","9":"instock","10":"taxable","11":"shipping-taxable","12":"purchasable","13":"product-type-simple"},"group_of_quantity":0,"min_quantity":0,"max_quantity":"","exclude_order_quantity_value_rules":"no","exclude_category_quantity_rules":"no","combine_variations":"no","_links":{"self":[{"href":"https:\/\/www.adescosa.com\/pt-pt\/wp-json\/wp\/v2\/product\/1020","targetHints":{"allow":["GET"]}}],"collection":[{"href":"https:\/\/www.adescosa.com\/pt-pt\/wp-json\/wp\/v2\/product"}],"about":[{"href":"https:\/\/www.adescosa.com\/pt-pt\/wp-json\/wp\/v2\/types\/product"}],"wp:featuredmedia":[{"embeddable":true,"href":"https:\/\/www.adescosa.com\/pt-pt\/wp-json\/wp\/v2\/media\/6272"}],"wp:attachment":[{"href":"https:\/\/www.adescosa.com\/pt-pt\/wp-json\/wp\/v2\/media?parent=1020"}],"wp:term":[{"taxonomy":"product_brand","embeddable":true,"href":"https:\/\/www.adescosa.com\/pt-pt\/wp-json\/wp\/v2\/product_brand?post=1020"},{"taxonomy":"product_cat","embeddable":true,"href":"https:\/\/www.adescosa.com\/pt-pt\/wp-json\/wp\/v2\/product_cat?post=1020"},{"taxonomy":"product_tag","embeddable":true,"href":"https:\/\/www.adescosa.com\/pt-pt\/wp-json\/wp\/v2\/product_tag?post=1020"}],"curies":[{"name":"wp","href":"https:\/\/api.w.org\/{rel}","templated":true}]}}