{"id":5380,"date":"2016-04-11T22:57:07","date_gmt":"2016-04-11T20:57:07","guid":{"rendered":"https:\/\/ad.dms3labs.cat\/perguntas-agua\/"},"modified":"2019-01-31T09:40:52","modified_gmt":"2019-01-31T08:40:52","slug":"perguntas-agua","status":"publish","type":"page","link":"https:\/\/www.adescosa.com\/pt-pt\/perguntas-agua\/","title":{"rendered":"Precisa de ajuda?"},"content":{"rendered":"<p>[et_pb_section fb_built=&#8221;1&#8243; _builder_version=&#8221;3.0.47&#8243;][et_pb_row _builder_version=&#8221;3.0.47&#8243; background_size=&#8221;initial&#8221; background_position=&#8221;top_left&#8221; background_repeat=&#8221;repeat&#8221;][et_pb_column type=&#8221;4_4&#8243; _builder_version=&#8221;3.0.47&#8243; parallax=&#8221;off&#8221; parallax_method=&#8221;on&#8221;][et_pb_text _builder_version=&#8221;3.4.1&#8243;]<\/p>\n<h1 style=\"text-align: center;\">Precisa de ajuda?<\/h1>\n<p style=\"text-align: center;\">Aqui est\u00e3o algumas das d\u00favidas mais frequentes que podem surgir em nossa loja de \u00e1gua on-line; Se voc\u00ea ainda tiver d\u00favidas, n\u00e3o pense mais e entre em contato conosco pelo correio ou pelo telefone <a href=\"tel:+34935689900\">93 568 99 00<\/a>.<\/p>\n<p>[\/et_pb_text][\/et_pb_column][\/et_pb_row][et_pb_row _builder_version=&#8221;3.0.106&#8243;][et_pb_column type=&#8221;1_2&#8243; _builder_version=&#8221;3.0.106&#8243; parallax=&#8221;off&#8221; parallax_method=&#8221;on&#8221;][et_pb_text _builder_version=&#8221;3.0.106&#8243; text_font=&#8221;||||||||&#8221; text_orientation=&#8221;center&#8221;]<\/p>\n<h2>Devolu\u00e7\u00f5es<\/h2>\n<p>[\/et_pb_text][et_pb_accordion _builder_version=&#8221;3.0.106&#8243; body_font=&#8221;|300|||||||&#8221; toggle_level=&#8221;h3&#8243; toggle_font=&#8221;||||||||&#8221; toggle_text_align=&#8221;center&#8221; toggle_font_size=&#8221;16px&#8221; text_orientation=&#8221;center&#8221;][et_pb_accordion_item title=&#8221;Em caso de devolu\u00e7\u00e3o, ser\u00e1 devolvido tamb\u00e9m o valor das despesas de envio?&#8221; open=&#8221;on&#8221; _builder_version=&#8221;3.0.106&#8243; title_text_shadow_horizontal_length=&#8221;0em&#8221; title_text_shadow_vertical_length=&#8221;0em&#8221; title_text_shadow_blur_strength=&#8221;0em&#8221; body_text_shadow_horizontal_length=&#8221;0em&#8221; body_text_shadow_vertical_length=&#8221;0em&#8221; body_text_shadow_blur_strength=&#8221;0em&#8221;]<\/p>\n<p><span>Sim, n\u00f3s responsabilizamo-nos por tudo.<\/span><\/p>\n<p>[\/et_pb_accordion_item][et_pb_accordion_item title=&#8221;Qual o prazo que tenho para devolver o produto?&#8221; open=&#8221;off&#8221; _builder_version=&#8221;3.0.106&#8243; title_text_shadow_horizontal_length=&#8221;0em&#8221; title_text_shadow_vertical_length=&#8221;0em&#8221; title_text_shadow_blur_strength=&#8221;0em&#8221; body_text_shadow_horizontal_length=&#8221;0em&#8221; body_text_shadow_vertical_length=&#8221;0em&#8221; body_text_shadow_blur_strength=&#8221;0em&#8221;]<\/p>\n<p>15 dias.<\/p>\n<p>[\/et_pb_accordion_item][\/et_pb_accordion][\/et_pb_column][et_pb_column type=&#8221;1_2&#8243; _builder_version=&#8221;3.0.106&#8243; parallax=&#8221;off&#8221; parallax_method=&#8221;on&#8221;][et_pb_text _builder_version=&#8221;3.0.106&#8243;]<\/p>\n<h2 style=\"text-align: center;\">Envios<\/h2>\n<p>[\/et_pb_text][et_pb_accordion _builder_version=&#8221;3.0.106&#8243; body_font=&#8221;|300|||||||&#8221; toggle_level=&#8221;h3&#8243; toggle_font=&#8221;||||||||&#8221; toggle_text_align=&#8221;center&#8221; toggle_font_size=&#8221;16px&#8221; text_orientation=&#8221;center&#8221;][et_pb_accordion_item title=&#8221;Para onde s\u00e3o efetuados os envios dos produtos?&#8221; open=&#8221;on&#8221; _builder_version=&#8221;3.0.106&#8243; title_text_shadow_horizontal_length=&#8221;0em&#8221; title_text_shadow_vertical_length=&#8221;0em&#8221; title_text_shadow_blur_strength=&#8221;0em&#8221; body_text_shadow_horizontal_length=&#8221;0em&#8221; body_text_shadow_vertical_length=&#8221;0em&#8221; body_text_shadow_blur_strength=&#8221;0em&#8221;]<\/p>\n<p>Realizamos pedidos em Espanha (exceto Ilhas Can\u00e1rias, Ceuta e Melila), Fran\u00e7a e Portugal (em todas as regi\u00f5es continentais).<\/p>\n<p>[\/et_pb_accordion_item][et_pb_accordion_item title=&#8221;Quanto tempo para entregar um pedido?&#8221; open=&#8221;off&#8221; _builder_version=&#8221;3.0.106&#8243; title_text_shadow_horizontal_length=&#8221;0em&#8221; title_text_shadow_vertical_length=&#8221;0em&#8221; title_text_shadow_blur_strength=&#8221;0em&#8221; body_text_shadow_horizontal_length=&#8221;0em&#8221; body_text_shadow_vertical_length=&#8221;0em&#8221; body_text_shadow_blur_strength=&#8221;0em&#8221;]<\/p>\n<p>No m\u00e1ximo 72 horas \u00fateis.<\/p>\n<p>[\/et_pb_accordion_item][et_pb_accordion_item title=&#8221;Qual o custo com as despesas de envio de um pedido?&#8221; open=&#8221;off&#8221; _builder_version=&#8221;3.0.106&#8243; title_text_shadow_horizontal_length=&#8221;0em&#8221; title_text_shadow_vertical_length=&#8221;0em&#8221; title_text_shadow_blur_strength=&#8221;0em&#8221; body_text_shadow_horizontal_length=&#8221;0em&#8221; body_text_shadow_vertical_length=&#8221;0em&#8221; body_text_shadow_blur_strength=&#8221;0em&#8221;]<\/p>\n<p><span>As despesas de envio variam em fun\u00e7\u00e3o da cidade de entrega e do peso dos produtos comprados. Para saber o custo de envio do seu pedido na p\u00e1gina de resumo do carrinho de compras, dever\u00e1 indicar o pa\u00eds e a prov\u00edncia de entrega e ent\u00e3o ser\u00e1 detalhado o custo de envio para o seu pedido.<\/span><\/p>\n<p>[\/et_pb_accordion_item][\/et_pb_accordion][\/et_pb_column][\/et_pb_row][et_pb_row _builder_version=&#8221;3.0.106&#8243;][et_pb_column type=&#8221;1_2&#8243; _builder_version=&#8221;3.0.106&#8243; parallax=&#8221;off&#8221; parallax_method=&#8221;on&#8221;][et_pb_text _builder_version=&#8221;3.0.106&#8243;]<\/p>\n<h2 style=\"text-align: center;\">Formas de pagamento seguro<\/h2>\n<p>[\/et_pb_text][et_pb_accordion _builder_version=&#8221;3.0.106&#8243; body_font=&#8221;|300|||||||&#8221; toggle_level=&#8221;h3&#8243; toggle_font=&#8221;||||||||&#8221; toggle_text_align=&#8221;center&#8221; toggle_font_size=&#8221;16px&#8221; text_orientation=&#8221;center&#8221;][et_pb_accordion_item title=&#8221;T\u00eam p\u00e1gina de pagamento seguro?&#8221; open=&#8221;on&#8221; _builder_version=&#8221;3.0.106&#8243; title_text_shadow_horizontal_length=&#8221;0em&#8221; title_text_shadow_vertical_length=&#8221;0em&#8221; title_text_shadow_blur_strength=&#8221;0em&#8221; body_text_shadow_horizontal_length=&#8221;0em&#8221; body_text_shadow_vertical_length=&#8221;0em&#8221; body_text_shadow_blur_strength=&#8221;0em&#8221;]<\/p>\n<p>Sim, com certificado SSL.<\/p>\n<p>[\/et_pb_accordion_item][et_pb_accordion_item title=&#8221;Quais as formas de pagamento poss\u00edveis?&#8221; open=&#8221;off&#8221; _builder_version=&#8221;3.0.106&#8243; title_text_shadow_horizontal_length=&#8221;0em&#8221; title_text_shadow_vertical_length=&#8221;0em&#8221; title_text_shadow_blur_strength=&#8221;0em&#8221; body_text_shadow_horizontal_length=&#8221;0em&#8221; body_text_shadow_vertical_length=&#8221;0em&#8221; body_text_shadow_blur_strength=&#8221;0em&#8221;]<\/p>\n<p>Cart\u00e3o de cr\u00e9dito\/debito, transfer\u00eancia e PayPal.<\/p>\n<p>[\/et_pb_accordion_item][et_pb_accordion_item title=&#8221;Se efetuar o pagamento por transfer\u00eancia bancaria, a entrega do pedido atrasa-se?&#8221; open=&#8221;off&#8221; _builder_version=&#8221;3.0.106&#8243; title_text_shadow_horizontal_length=&#8221;0em&#8221; title_text_shadow_vertical_length=&#8221;0em&#8221; title_text_shadow_blur_strength=&#8221;0em&#8221; body_text_shadow_horizontal_length=&#8221;0em&#8221; body_text_shadow_vertical_length=&#8221;0em&#8221; body_text_shadow_blur_strength=&#8221;0em&#8221;]<\/p>\n<p><span>Apenas demora em caso de atraso na realiza\u00e7\u00e3o do pagamento. N\u00f3s entregamos no m\u00e1ximo em 72 horas a partir da rece\u00e7\u00e3o do pagamento.<\/span><\/p>\n<p>[\/et_pb_accordion_item][\/et_pb_accordion][\/et_pb_column][et_pb_column type=&#8221;1_2&#8243; _builder_version=&#8221;3.0.106&#8243; parallax=&#8221;off&#8221; parallax_method=&#8221;on&#8221;][et_pb_text _builder_version=&#8221;3.0.106&#8243;]<\/p>\n<h2 style=\"text-align: center;\">Pre\u00e7o, pedidos e faturas<\/h2>\n<p>[\/et_pb_text][et_pb_accordion _builder_version=&#8221;3.0.106&#8243; body_font=&#8221;|300|||||||&#8221; toggle_level=&#8221;h3&#8243; toggle_font=&#8221;||||||||&#8221; toggle_text_align=&#8221;center&#8221; toggle_font_size=&#8221;16px&#8221; text_orientation=&#8221;center&#8221;][et_pb_accordion_item title=&#8221;Podem enviar uma fatura do meu pedido?&#8221; open=&#8221;on&#8221; _builder_version=&#8221;3.0.106&#8243; title_text_shadow_horizontal_length=&#8221;0em&#8221; title_text_shadow_vertical_length=&#8221;0em&#8221; title_text_shadow_blur_strength=&#8221;0em&#8221; body_text_shadow_horizontal_length=&#8221;0em&#8221; body_text_shadow_vertical_length=&#8221;0em&#8221; body_text_shadow_blur_strength=&#8221;0em&#8221;]<\/p>\n<p>Sim, claro. Ser\u00e1 criada com os dados que nos envia.<\/p>\n<p>[\/et_pb_accordion_item][\/et_pb_accordion][\/et_pb_column][\/et_pb_row][\/et_pb_section]<\/p>\n","protected":false},"excerpt":{"rendered":"<p>Precisa de ajuda? Aqui est\u00e3o algumas das d\u00favidas mais frequentes que podem surgir em nossa loja de \u00e1gua on-line; Se voc\u00ea ainda tiver d\u00favidas, n\u00e3o pense mais e entre em contato conosco pelo correio ou pelo telefone 93 568 99 00. Devolu\u00e7\u00f5esSim, n\u00f3s responsabilizamo-nos por tudo.15 dias.EnviosRealizamos pedidos em Espanha (exceto Ilhas Can\u00e1rias, Ceuta e [&hellip;]<\/p>\n","protected":false},"author":3,"featured_media":0,"parent":0,"menu_order":0,"comment_status":"closed","ping_status":"closed","template":"","meta":{"_et_pb_use_builder":"on","_et_pb_old_content":"[et_pb_section bb_built=\"1\"][et_pb_row][\/et_pb_row][\/et_pb_section]","_et_gb_content_width":"","footnotes":""},"class_list":["post-5380","page","type-page","status-publish","hentry"],"_links":{"self":[{"href":"https:\/\/www.adescosa.com\/pt-pt\/wp-json\/wp\/v2\/pages\/5380","targetHints":{"allow":["GET"]}}],"collection":[{"href":"https:\/\/www.adescosa.com\/pt-pt\/wp-json\/wp\/v2\/pages"}],"about":[{"href":"https:\/\/www.adescosa.com\/pt-pt\/wp-json\/wp\/v2\/types\/page"}],"author":[{"embeddable":true,"href":"https:\/\/www.adescosa.com\/pt-pt\/wp-json\/wp\/v2\/users\/3"}],"replies":[{"embeddable":true,"href":"https:\/\/www.adescosa.com\/pt-pt\/wp-json\/wp\/v2\/comments?post=5380"}],"version-history":[{"count":0,"href":"https:\/\/www.adescosa.com\/pt-pt\/wp-json\/wp\/v2\/pages\/5380\/revisions"}],"wp:attachment":[{"href":"https:\/\/www.adescosa.com\/pt-pt\/wp-json\/wp\/v2\/media?parent=5380"}],"curies":[{"name":"wp","href":"https:\/\/api.w.org\/{rel}","templated":true}]}}