{"id":5003,"date":"2016-04-11T22:48:05","date_gmt":"2016-04-11T20:48:05","guid":{"rendered":"https:\/\/ad.dms3labs.cat\/agua-purificada-2\/"},"modified":"2019-03-07T00:24:59","modified_gmt":"2019-03-06T23:24:59","slug":"agua-purificada","status":"publish","type":"page","link":"https:\/\/www.adescosa.com\/pt-pt\/agua-purificada\/","title":{"rendered":"\u00c1gua purificada"},"content":{"rendered":"<p>[et_pb_section fb_built=&#8221;1&#8243; module_class=&#8221;descripci\u00f3&#8221; _builder_version=&#8221;3.0.106&#8243; background_color=&#8221;#f5f5f5&#8243;][et_pb_row _builder_version=&#8221;3.0.106&#8243;][et_pb_column type=&#8221;4_4&#8243; _builder_version=&#8221;3.0.47&#8243;][et_pb_text _builder_version=&#8221;3.0.106&#8243; text_font=&#8221;||||||||&#8221; text_orientation=&#8221;center&#8221;]<\/p>\n<h2>\u00c1gua purificada<\/h2>\n<p>[\/et_pb_text][\/et_pb_column][\/et_pb_row][et_pb_row _builder_version=&#8221;3.0.106&#8243;][et_pb_column type=&#8221;1_2&#8243; _builder_version=&#8221;3.0.47&#8243;][et_pb_blurb use_icon=&#8221;on&#8221; font_icon=&#8221;%%49%%&#8221; icon_placement=&#8221;left&#8221; _builder_version=&#8221;3.4.1&#8243;] \u00c1gua desionizada com garantia microbiol\u00f3gica, com certificado de qualidade.<br \/>\n[\/et_pb_blurb][et_pb_blurb use_icon=&#8221;on&#8221; font_icon=&#8221;%%49%%&#8221; icon_placement=&#8221;left&#8221; _builder_version=&#8221;3.4.1&#8243; locked=&#8221;off&#8221;] \u00c1gua ideal para laborat\u00f3rios, hospitais, dentistas, farm\u00e1cias ou cosm\u00e9tica<br \/>\n[\/et_pb_blurb][\/et_pb_column][et_pb_column type=&#8221;1_2&#8243; _builder_version=&#8221;3.0.47&#8243;][et_pb_blurb use_icon=&#8221;on&#8221; font_icon=&#8221;%%49%%&#8221; icon_placement=&#8221;left&#8221; _builder_version=&#8221;3.4.1&#8243; locked=&#8221;off&#8221;] Cumpre com a Norma farmacopeia europeia.<br \/>\n[\/et_pb_blurb][et_pb_blurb use_icon=&#8221;on&#8221; font_icon=&#8221;%%49%%&#8221; icon_placement=&#8221;left&#8221; _builder_version=&#8221;3.4.1&#8243; locked=&#8221;off&#8221;] Embalagem opaca para facilitar a conserva\u00e7\u00e3o das carater\u00edsticas f\u00edsicas e qu\u00edmicas da \u00e1gua. [\/et_pb_blurb][\/et_pb_column][\/et_pb_row][\/et_pb_section][et_pb_section fb_built=&#8221;1&#8243; module_class=&#8221;botiga&#8221; _builder_version=&#8221;3.0.106&#8243;][et_pb_row make_fullwidth=&#8221;on&#8221; _builder_version=&#8221;3.4.1&#8243;][et_pb_column type=&#8221;4_4&#8243; _builder_version=&#8221;3.0.47&#8243;][et_pb_text _builder_version=&#8221;3.4.1&#8243; text_font=&#8221;||||||||&#8221; header_font=&#8221;||||||||&#8221; header_2_font=&#8221;||||||||&#8221; text_orientation=&#8221;center&#8221;]<\/p>\n<h2>Compra \u00e1gua purificada<\/h2>\n<p>[\/et_pb_text][\/et_pb_column][\/et_pb_row][et_pb_row _builder_version=&#8221;3.0.106&#8243;][et_pb_column type=&#8221;4_4&#8243; _builder_version=&#8221;3.0.47&#8243;][et_pb_shop type=&#8221;product_category&#8221; posts_number=&#8221;100&#8243; include_categories=&#8221;94&#8243; columns_number=&#8221;3&#8243; _builder_version=&#8221;3.4.1&#8243;][\/et_pb_shop][\/et_pb_column][\/et_pb_row][\/et_pb_section]<\/p>\n","protected":false},"excerpt":{"rendered":"<p>\u00c1gua desionizada com garantia microbiol\u00f3gica, com certificado de qualidade. \u00c1gua ideal para laborat\u00f3rios, hospitais, dentistas, farm\u00e1cias ou cosm\u00e9tica.<\/p>\n","protected":false},"author":3,"featured_media":0,"parent":0,"menu_order":0,"comment_status":"closed","ping_status":"closed","template":"","meta":{"_et_pb_use_builder":"on","_et_pb_old_content":"<p>[et_pb_section bb_built=\"1\" background_color=\"#f5f5f5\" module_class=\"descripci\u00f3\" _builder_version=\"3.0.106\" next_background_color=\"#ffffff\"][et_pb_row _builder_version=\"3.0.106\"][et_pb_column type=\"4_4\"][et_pb_text _builder_version=\"3.0.106\" text_font=\"||||||||\" text_orientation=\"center\"]<\/p><h2>Aigua purificada<\/h2><p>[\/et_pb_text][\/et_pb_column][\/et_pb_row][et_pb_row _builder_version=\"3.0.106\"][et_pb_column type=\"1_2\"][et_pb_blurb use_icon=\"on\" font_icon=\"%%45%%\" icon_placement=\"left\" _builder_version=\"3.0.106\"] Aigua desionitzada garantida microbiol\u00f2gicament, amb certificat de qualitat.<br \/>[\/et_pb_blurb][et_pb_blurb use_icon=\"on\" font_icon=\"%%45%%\" icon_placement=\"left\" _builder_version=\"3.0.106\" locked=\"off\"] Aigua ideal per a laboratoris, hospitals, cl\u00edniques dentals, farm\u00e0cies o cosm\u00e8tica.<br \/>[\/et_pb_blurb][\/et_pb_column][et_pb_column type=\"1_2\"][et_pb_blurb use_icon=\"on\" font_icon=\"%%45%%\" icon_placement=\"left\" _builder_version=\"3.0.106\" locked=\"off\"] Compleix la Normativa Farmacopea Europea.<br \/>[\/et_pb_blurb][et_pb_blurb use_icon=\"on\" font_icon=\"%%45%%\" icon_placement=\"left\" _builder_version=\"3.0.106\" locked=\"off\"] Env\u00e0s opac per a facilitar la conservaci\u00f3 de les caracter\u00edstiques f\u00edsiques i qu\u00edmiques de l'aigua. [\/et_pb_blurb][\/et_pb_column][\/et_pb_row][\/et_pb_section][et_pb_section bb_built=\"1\" module_class=\"botiga\" _builder_version=\"3.0.106\" prev_background_color=\"#f5f5f5\" next_background_color=\"#f5f5f5\"][et_pb_row _builder_version=\"3.0.106\"][et_pb_column type=\"4_4\"][et_pb_text _builder_version=\"3.0.106\" text_font=\"||||||||\" header_font=\"||||||||\" header_2_font=\"||||||||\" text_orientation=\"center\"]<\/p><h2>Packs destacats d'aigua purificada<\/h2><p>[\/et_pb_text][\/et_pb_column][\/et_pb_row][et_pb_row _builder_version=\"3.0.106\"][et_pb_column type=\"4_4\"][et_pb_shop type=\"product_category\" posts_number=\"100\" include_categories=\"94\" columns_number=\"4\" _builder_version=\"3.0.106\" \/][\/et_pb_column][\/et_pb_row][\/et_pb_section][et_pb_section bb_built=\"1\" background_color=\"#f5f5f5\" _builder_version=\"3.0.106\" prev_background_color=\"#ffffff\"][et_pb_row _builder_version=\"3.0.106\"][et_pb_column type=\"4_4\"][et_pb_text _builder_version=\"3.0.106\" text_font=\"||||||||\" header_font=\"||||||||\" header_2_font=\"||||||||\" text_orientation=\"center\"]<\/p><h2>Saps per qu\u00e8 els nostres clients confien en nosaltres?<\/h2><p>[\/et_pb_text][\/et_pb_column][\/et_pb_row][et_pb_row _builder_version=\"3.0.106\"][et_pb_column type=\"1_4\"][et_pb_image src=\"https:\/\/www.adescosa.com\/wp-content\/uploads\/2016\/04\/icon_pago_seguro.svg\" align=\"center\" _builder_version=\"3.0.106\" max_width=\"90px\" \/][et_pb_text _builder_version=\"3.0.106\" text_font=\"||||||||\" text_orientation=\"center\"] Sistema de pago 100% seguro [\/et_pb_text][\/et_pb_column][et_pb_column type=\"1_4\"][et_pb_image src=\"https:\/\/www.adescosa.com\/wp-content\/uploads\/2016\/04\/icon_calidad.svg\" align=\"center\" _builder_version=\"3.0.106\" max_width=\"90px\" \/][et_pb_text _builder_version=\"3.0.106\" text_font=\"||||||||\" text_orientation=\"center\"] Agua de alta calidad garantizada [\/et_pb_text][\/et_pb_column][et_pb_column type=\"1_4\"][et_pb_image src=\"https:\/\/www.adescosa.com\/wp-content\/uploads\/2016\/04\/icon_transporte.svg\" align=\"center\" _builder_version=\"3.0.106\" max_width=\"90px\" \/][et_pb_text _builder_version=\"3.0.106\" text_font=\"||||||||\" text_orientation=\"center\"] Env\u00edos a Espa\u00f1a, Francia y Portugal [\/et_pb_text][\/et_pb_column][et_pb_column type=\"1_4\"][et_pb_image src=\"https:\/\/www.adescosa.com\/wp-content\/uploads\/2016\/04\/icon_entrega.svg\" align=\"center\" _builder_version=\"3.0.106\" max_width=\"90px\" \/][et_pb_text _builder_version=\"3.0.106\" text_font=\"||||||||\" text_orientation=\"center\"] Entrega inmediata [\/et_pb_text][et_pb_image _builder_version=\"3.0.106\" \/][\/et_pb_column][\/et_pb_row][\/et_pb_section]<\/p>","_et_gb_content_width":"","footnotes":""},"class_list":["post-5003","page","type-page","status-publish","hentry"],"_links":{"self":[{"href":"https:\/\/www.adescosa.com\/pt-pt\/wp-json\/wp\/v2\/pages\/5003","targetHints":{"allow":["GET"]}}],"collection":[{"href":"https:\/\/www.adescosa.com\/pt-pt\/wp-json\/wp\/v2\/pages"}],"about":[{"href":"https:\/\/www.adescosa.com\/pt-pt\/wp-json\/wp\/v2\/types\/page"}],"author":[{"embeddable":true,"href":"https:\/\/www.adescosa.com\/pt-pt\/wp-json\/wp\/v2\/users\/3"}],"replies":[{"embeddable":true,"href":"https:\/\/www.adescosa.com\/pt-pt\/wp-json\/wp\/v2\/comments?post=5003"}],"version-history":[{"count":0,"href":"https:\/\/www.adescosa.com\/pt-pt\/wp-json\/wp\/v2\/pages\/5003\/revisions"}],"wp:attachment":[{"href":"https:\/\/www.adescosa.com\/pt-pt\/wp-json\/wp\/v2\/media?parent=5003"}],"curies":[{"name":"wp","href":"https:\/\/api.w.org\/{rel}","templated":true}]}}