{"id":28560,"date":"2016-04-12T23:11:12","date_gmt":"2016-04-12T21:11:12","guid":{"rendered":"https:\/\/www.adescosa.com\/terminos-y-condiciones-2\/"},"modified":"2022-05-10T12:43:55","modified_gmt":"2022-05-10T10:43:55","slug":"terminos-y-condiciones","status":"publish","type":"page","link":"https:\/\/www.adescosa.com\/pt-pt\/terminos-y-condiciones\/","title":{"rendered":"T\u00e9rminos y condiciones"},"content":{"rendered":"<p>[et_pb_section fb_built=&#8221;1&#8243; _builder_version=&#8221;3.22&#8243; global_colors_info=&#8221;{}&#8221;][et_pb_row module_class=&#8221; et_pb_row_fullwidth&#8221; _builder_version=&#8221;3.25&#8243; width=&#8221;89%&#8221; width_tablet=&#8221;80%&#8221; width_phone=&#8221;80%&#8221; width_last_edited=&#8221;on|desktop&#8221; max_width=&#8221;89%&#8221; max_width_tablet=&#8221;80%&#8221; max_width_phone=&#8221;80%&#8221; max_width_last_edited=&#8221;on|desktop&#8221; make_fullwidth=&#8221;on&#8221; global_colors_info=&#8221;{}&#8221;][et_pb_column type=&#8221;4_4&#8243; _builder_version=&#8221;3.25&#8243; custom_padding=&#8221;|||&#8221; global_colors_info=&#8221;{}&#8221; custom_padding__hover=&#8221;|||&#8221;][et_pb_text _builder_version=&#8221;4.14.7&#8243; background_size=&#8221;initial&#8221; background_position=&#8221;top_left&#8221; background_repeat=&#8221;repeat&#8221; global_colors_info=&#8221;{}&#8221;]<\/p>\n<h1>CONDICIONES GENERALES DE CONTRATACI\u00d3N<\/h1>\n<p>[\/et_pb_text][et_pb_text _builder_version=&#8221;4.14.7&#8243; background_size=&#8221;initial&#8221; background_position=&#8221;top_left&#8221; background_repeat=&#8221;repeat&#8221; global_colors_info=&#8221;{}&#8221;]<strong>Introducci\u00f3n<\/strong><\/p>\n<p>Este documento contractual regir\u00e1 las Condiciones Generales de contrataci\u00f3n de productos (en adelante, \u00abCondiciones\u00bb) a trav\u00e9s del sitio web <a href=\"adescosa.com\">adescosa.com<\/a>, propiedad de Adesco, SA bajo la marca comercial de Adesco, en adelante, PRESTADOR, cuyos datos de contacto figuran tambi\u00e9n en el Aviso Legal de esta Web.<\/p>\n<p>Estas Condiciones permanecer\u00e1n publicadas en el sitio web a disposici\u00f3n del USUARIO para reproducirlas y guardarlas como confirmaci\u00f3n del contrato, pudiendo ser modificadas en cualquier momento por Adesco, SA. Es responsabilidad del USUARIO leerlas peri\u00f3dicamente, ya que resultar\u00e1n aplicables aquellas que se encuentren vigentes en el momento de realizaci\u00f3n de pedidos. Adesco, SA archivar\u00e1 el documento electr\u00f3nico donde se formalice la compra y lo tendr\u00e1 a disposici\u00f3n del USUARIO por si \u00e9ste se lo solicita.<\/p>\n<p>Los contratos no estar\u00e1n sujetos a formalidad alguna con excepci\u00f3n de los supuestos expresamente se\u00f1alados en los C\u00f3digos Civil y de Comercio y en esta o en otras leyes especiales.<\/p>\n<p>La aceptaci\u00f3n de este documento conlleva que el USUARIO:<\/p>\n<ul>\n<li>Ha le\u00eddo, entiende y comprende lo aqu\u00ed expuesto.<\/li>\n<li>Es una persona con capacidad suficiente para contratar.<\/li>\n<li>Asume todas las obligaciones aqu\u00ed dispuestas.<\/li>\n<\/ul>\n<p>Estas condiciones tendr\u00e1n un per\u00edodo de validez indefinido y ser\u00e1n aplicables a todas las contrataciones realizadas a trav\u00e9s del sitio web del PRESTADOR.<\/p>\n<p>El PRESTADOR informa de que el comercio es responsable y conoce la legislaci\u00f3n vigente de los pa\u00edses a los que env\u00eda los productos, y se reserva el derecho de modificar unilateralmente las condiciones, sin que ello pueda afectar a los bienes o promociones que fueron adquiridos previamente a la modificaci\u00f3n.<br \/>\n<br \/>\n<strong>Identidad de las partes contratantes<\/strong><\/p>\n<p>Por un lado, el PRESTADOR de los productos contratados por el USUARIO es Adesco, SA, con domicilio social en Calle Can Cabanyes. Pol. Ind. Cal Gordi \/ Cal Catal\u00e0, 87 &#8211; 08403 Granollers (Barcelona), NIF A08279689 y con tel\u00e9fono de atenci\u00f3n al cliente 935689900.<\/p>\n<p>Y de otro, el USUARIO, registrado en el sitio web mediante un nombre de usuario y contrase\u00f1a o como invitado, sobre los que tiene responsabilidad plena de uso y custodia, y es responsable de la veracidad de los datos personales facilitados al PRESTADOR.<br \/>\n<br \/>\n<strong>Objeto del contrato<\/strong><\/p>\n<p>El presente contrato tiene por objeto regular la relaci\u00f3n contractual de compraventa nacida entre el PRESTADOR y el USUARIO en el momento en que este acepta durante el proceso de contrataci\u00f3n en l\u00ednea la casilla correspondiente.<\/p>\n<p>La relaci\u00f3n contractual de compraventa conlleva la entrega, a cambio de un precio determinado y p\u00fablicamente expuesto a trav\u00e9s del sitio web, de un producto concreto.<br \/>\n<br \/>\n<strong>Rectificaci\u00f3n de los datos<\/strong><\/p>\n<p>Cuando el USUARIO identifique errores en los datos publicados en el sitio web o en los documentos generados por la relaci\u00f3n contractual, podr\u00e1 notificarlo al correo adesco@adescosa.com para que Adesco, SA los corrija a la mayor brevedad posible.<\/p>\n<p>El USUARIO podr\u00e1 mantener actualizados sus datos accediendo a su cuenta de usuario.<br \/>\n<br \/>\n<strong>Procedimiento de contrataci\u00f3n<\/strong><\/p>\n<p>El USUARIO, para poder acceder a los productos o servicios que ofrece el PRESTADOR, deber\u00e1 ser mayor de edad o menor de edad emancipado y darse de alta a trav\u00e9s del sitio web mediante la creaci\u00f3n de una cuenta de usuario o como invitado. Por ello, el USUARIO deber\u00e1 proporcionar de manera libre y voluntaria los datos personales que se le requerir\u00e1n, los cuales se tratar\u00e1n de conformidad con lo dispuesto en el Reglamento (UE) 2016\/679, de 27 de abril de 2016 (GDPR), relativo a la protecci\u00f3n de las personas f\u00edsicas en lo que respecta al tratamiento de datos personales y a la libre circulaci\u00f3n de estos datos y la Ley Org\u00e1nica 3\/2018, de 5 de diciembre (LOPDGDD), relativa a la protecci\u00f3n de datos de car\u00e1cter personal y detallada en el Aviso legal y en la Pol\u00edtica de privacidad de este sitio web.<\/p>\n<p>El USUARIO seleccionar\u00e1 un nombre de usuario y una contrase\u00f1a, comprometi\u00e9ndose a hacer un uso diligente de los mismos y a no ponerlos a disposici\u00f3n de terceros, as\u00ed como a comunicar al PRESTADOR la p\u00e9rdida o robo de los mismos o el posible acceso por un tercero no autorizado, de manera que este proceda al bloqueo inmediato.<\/p>\n<p>Una vez ha sido creada la cuenta de usuario, se informa de que conforme a lo que exige el art\u00edculo 27 de la Ley 34\/2002, de Servicios de la Sociedad de la Informaci\u00f3n y del Comercio Electr\u00f3nico (LSSICE), el procedimiento de contrataci\u00f3n seguir\u00e1 los siguientes pasos:<\/p>\n<p>1. Cl\u00e1usulas generales de contrataci\u00f3n.<br \/>\n2. Env\u00edo y entrega de pedidos.<br \/>\n3. Derecho de desistimiento.<br \/>\n4. Reclamaciones y resoluci\u00f3n de litigios en l\u00ednea.<br \/>\n5. Fuerza mayor.<br \/>\n6. Competencia.<br \/>\n7. Generalidades de la oferta.<br \/>\n8. Precio y plazo de validez de la oferta.<br \/>\n9. Gastos de transporte.<br \/>\n10. Forma de pago, gastos y descuentos.<br \/>\n11. Proceso de compra.<br \/>\n12. Disociaci\u00f3n y suspensi\u00f3n o rescisi\u00f3n del contrato.<br \/>\n13. Garant\u00edas y devoluciones.<br \/>\n14. Ley aplicable y jurisdicci\u00f3n.<br \/>\n<br \/>\n<strong>1. CL\u00c1USULAS GENERALES DE CONTRATACI\u00d3N<\/strong><\/p>\n<p>Salvo estipulaci\u00f3n particular por escrito, la realizaci\u00f3n de un pedido al PRESTADOR supondr\u00e1 la aceptaci\u00f3n por parte del USUARIO de estas condiciones legales. Ninguna estipulaci\u00f3n hecha por el USUARIO podr\u00e1 diferir de las del PRESTADOR si no ha sido expresamente aceptada por adelantado y por escrito por el PRESTADOR.<br \/>\n<br \/>\n<strong>2. ENV\u00cdO Y ENTREGA DE PEDIDOS<\/strong><\/p>\n<p>El PRESTADOR no enviar\u00e1 ning\u00fan pedido hasta que haya comprobado que se ha realizado el pago.<\/p>\n<p>Los env\u00edos de mercanc\u00edas se har\u00e1n habitualmente mediante XPO Logistics, seg\u00fan el destino designado libremente por el USUARIO.<\/p>\n<p>El env\u00edo se efectuar\u00e1 una vez se haya confirmado la disponibilidad de la mercanc\u00eda y comprobado el pago del pedido.<\/p>\n<p>En cuanto al plazo de entrega, se intenta enviar el pedido del\/ de los producto\/s relacionados en la Confirmaci\u00f3n de Env\u00edo antes de la fecha de entrega que figura en la misma o bien, si no se especificase ninguna fecha de entrega, en el plazo de 5 d\u00edas a contar desde la fecha del Confirmaci\u00f3n de env\u00edo.<\/p>\n<p>La fecha prevista de env\u00edo y entrega se suministrar\u00e1n previamente a la confirmaci\u00f3n del pedido.<br \/>\n<br \/>\n<strong>Falta de ejecuci\u00f3n del contrato a distancia<\/strong><\/p>\n<p>En caso de no poder ejecutar el contrato porque el producto no est\u00e9 disponible en el plazo previsto, se informar\u00e1 al USUARIO de la falta de disponibilidad y de que quedar\u00e1 legitimado para cancelar el pedido y recibir la devoluci\u00f3n del importe total pagado sin ning\u00fan coste.<\/p>\n<p>En caso de retraso injustificado por parte del PRESTADOR respecto a la devoluci\u00f3n del importe total, el USUARIO podr\u00e1 reclamar que se le pague el doble del importe adeudado, sin perjuicio a su derecho de ser indemnizado por los da\u00f1os y perjuicios sufridos en lo que excedan de dicha cantidad.<\/p>\n<p>El PRESTADOR no asumir\u00e1 ninguna responsabilidad cuando la entrega del producto o servicio no llegue a realizarse, por ser los datos facilitados por el USUARIO, falsos, inexactos o incompletos.<\/p>\n<p>La entrega se considerar\u00e1 realizada en el momento en que el transportista haya puesto los productos a disposici\u00f3n del USUARIO y este, o el delegado de este, haya firmado el documento de recepci\u00f3n de la entrega.<\/p>\n<p>El PRESTADOR responder\u00e1 ante el USUARIO de cualquier falta de conformidad que exista en el momento de la entrega del pedido, pudiendo el USUARIO, mediante una simple declaraci\u00f3n, exigirle la subsanaci\u00f3n de dicha falta de conformidad, la reducci\u00f3n del precio o la resoluci\u00f3n del contrato. En cualquiera de estos supuestos el USUARIO podr\u00e1 exigir, adem\u00e1s, la indemnizaci\u00f3n de da\u00f1os y perjuicios, si procede.<\/p>\n<p>El USUARIO tendr\u00e1 derecho a suspender el pago de cualquier parte pendiente del precio del producto adquirido hasta que el PRESTADOR cumpla con las obligaciones establecidas en este contrato.<\/p>\n<p>Corresponde al USUARIO verificar los productos a la recepci\u00f3n y exponer todas las salvedades y reclamaciones que puedan estar justificadas en el documento de recepci\u00f3n de la entrega.<br \/>\n<br \/>\n<strong>3. DERECHO DE DESISTIMIENTO<\/strong><\/p>\n<p><a href=\"https:\/\/www.adescosa.com\/wp-content\/uploads\/2022\/05\/Adesco_SA_E-COMMERCE_Formulario_de_solicitud_de_DESISTIMIENTO_consumidor-usuario.pdf\">Formulario de desistimiento<\/a><\/p>\n<p>El USUARIO dispone de un plazo de catorce d\u00edas naturales, contados a partir de la fecha de recepci\u00f3n del producto, para ejercer el derecho de desistimiento, regulado en el <a href=\"https:\/\/www.boe.es\/buscar\/act.php?id=BOE-A-2007-20555&#038;b=156&#038;tn=1&#038;p=20140328#a102\" target=\"_blank\" rel=\"noopener\">art\u00edculo 102 del Real Decreto Legislativo 1\/2007<\/a>, de 16 de noviembre, por el que se aprueba el texto refundido de la Ley General para la Defensa de los Consumidores y Usuarios y otras leyes complementarias, en adelante RDL 1\/2007. Si el PRESTADOR no cumple con el deber de informaci\u00f3n y documentaci\u00f3n sobre el derecho de desistimiento, el plazo para su ejercicio finalizar\u00e1 doce meses despu\u00e9s de la fecha de expiraci\u00f3n del per\u00edodo de desistimiento inicial, conforme al <a href=\"https:\/\/www.boe.es\/buscar\/act.php?id=BOE-A-2007-20555&#038;p=20140328&#038;tn=1#a105\" target=\"_blank\" rel=\"noopener\">art\u00edculo 105 del RDL 1\/2007<\/a>.<\/p>\n<p>El derecho de desistimiento no ser\u00e1 aplicable a los contratos referidos y enumerados en el <a href=\"https:\/\/www.boe.es\/buscar\/act.php?id=BOE-A-2007-20555&#038;p=20140328&#038;tn=1#a103\" target=\"_blank\" rel=\"noopener\">art\u00edculo 103 del RDL 1\/2007<\/a>, y que se relacionan <a href=\"https:\/\/www.boe.es\/buscar\/act.php?id=BOE-A-2007-20555&#038;p=20140328&#038;tn=1#a103\" target=\"_blank\" rel=\"noopener\">aqu\u00ed<\/a><\/p>\n<p>Toda devoluci\u00f3n deber\u00e1 comunicarse al PRESTADOR, solicitando un n\u00famero de devoluci\u00f3n mediante el formulario habilitado para ello, o por correo electr\u00f3nico a adesco@adescosa.com, indicando el n\u00famero de factura o pedido correspondiente.<\/p>\n<p>Una vez el USUARIO haya recibido el n\u00famero de devoluci\u00f3n, har\u00e1 llegar el producto al PRESTADOR, indicando este n\u00famero en la carta de env\u00edo, con los gastos de transporte a su cargo, en el domicilio de Adesco, SA, Calle Can Cabanyes. Pol. Ind. Cal Gordi \/ Cal Catal\u00e0, 87 &#8211; 08403 Granollers (Barcelona)<br \/>\n<br \/>\n<strong>4. RECLAMACIONES Y RESOLUCI\u00d3N DE LITIGIOS EN L\u00cdNEA<\/strong><\/p>\n<p>Cualquier reclamaci\u00f3n que el USUARIO considere oportuna ser\u00e1 atendida a la mayor brevedad posible, pudi\u00e9ndose realizar en las siguientes direcciones de contacto:<\/p>\n<p>Postal: Adesco, SA, Calle Can Cabanyes. Pol. Ind. Cal Gordi \/ Cal Catal\u00e0, 87 &#8211; 08403 Granollers (Barcelona)<br \/>\nTel\u00e9fono: 935689900<br \/>\nE-mail: <a href=\"mailto:adesco@adescosa.com\">adesco@adescosa.com<\/a><\/p>\n<p>Resoluci\u00f3n de litigios en l\u00ednea (Online Dispute Resolution)<\/p>\n<p>Conforme al Art. 14.1 del Reglamento (UE) 524\/2013, la Comisi\u00f3n Europea facilita una plataforma de acceso gratuito para la resoluci\u00f3n de conflictos online entre el USUARIO y el PRESTADOR, sin necesidad de recurrir a los tribunales de justicia, mediante la intervenci\u00f3n de un tercero, llamado Organismo de resoluci\u00f3n de litigios, que act\u00faa de intermediario entre ambos. Este organismo es neutral y dialogar\u00e1 con ambas partes para lograr un acuerdo, pudiendo finalmente sugerir y\/o imponer una soluci\u00f3n al conflicto.<\/p>\n<p>Enlace a la plataforma ODR: <a href=\"http:\/\/ec.europa.eu\/consumers\/odr\/\" target=\"_blank\" rel=\"noopener\">http:\/\/ec.europa.eu\/consumers\/odr\/<\/a><br \/>\n<br \/>\n<strong>5. FUERZA MAYOR<\/strong><\/p>\n<p>Las partes no incurrir\u00e1n en responsabilidad ante cualquier falta debida a causa mayor. El cumplimiento de la obligaci\u00f3n se demorar\u00e1 hasta el cese del caso de fuerza mayor.<br \/>\n<br \/>\n<strong>6. COMPETENCIA<\/strong><\/p>\n<p>El USUARIO no podr\u00e1 ceder, transferir o transmitir los derechos, responsabilidades y obligaciones contratados en la venta.<\/p>\n<p>Si alguna estipulaci\u00f3n de estas condiciones fuera considerada nula o de imposible cumplimiento, la validez, legalidad y cumplimiento del resto no se ver\u00e1n afectados de ninguna manera, ni sufrir\u00e1n modificaci\u00f3n de ning\u00fan modo.<\/p>\n<p>El USUARIO declara haber le\u00eddo, conocer y aceptar las presentes Condiciones en toda su extensi\u00f3n.<br \/>\n<br \/>\n<strong>7. GENERALIDADES DE LA OFERTA<\/strong><\/p>\n<p>Todas las ventas y entregas efectuadas por el PRESTADOR se entender\u00e1n sometidas a las presentes Condiciones. <\/p>\n<p>Ninguna modificaci\u00f3n, alteraci\u00f3n o pacto contrario a la Propuesta Comercial de Adesco, SA o a lo aqu\u00ed estipulado, tendr\u00e1 efecto, salvo pacto expreso por escrito firmado por el PRESTADOR, en este caso, estos pactos particulares prevalecer\u00e1n.<br \/>\n<br \/>\n<strong>8. PRECIO Y PLAZO DE VALIDEZ DE LA OFERTA<\/strong><\/p>\n<p>Los precios que se indican respecto de cada producto o servicio incluyen el Impuesto sobre el Valor A\u00f1adido (IVA) u otros impuestos que pudieran ser aplicables. Estos precios, a menos que se indique expresamente lo contrario, no incluyen los gastos de env\u00edo o comunicaci\u00f3n, manipulaci\u00f3n o cualesquiera otros servicios adicionales y anexos al producto adquirido.<\/p>\n<p>La oferta de productos es para Espa\u00f1a (Pen\u00ednsula y Baleares), Francia y Portugal.<\/p>\n<p>Los precios aplicables a cada producto son los publicados en el sitio web y se expresar\u00e1n en la moneda EURO. El USUARIO asume que la valoraci\u00f3n econ\u00f3mica de algunos de los productos podr\u00e1 variar en tiempo real.<\/p>\n<p>Antes de realizar la compra podr\u00e1 comprobar en l\u00ednea todos los detalles del presupuesto: art\u00edculos, cantidades, precio, disponibilidad, gastos de transporte, cargos, descuentos, impuestos y el total de la compra. Los precios pueden cambiar diariamente mientras no se realice el pedido.<\/p>\n<p>Una vez realizado el pedido, los precios se mantendr\u00e1n tanto si hay disponibilidad de productos como si no.<\/p>\n<p>Todo pago realizado al PRESTADOR conlleva la emisi\u00f3n de una factura a nombre del USUARIO registrado o de la raz\u00f3n social que este haya informado en el momento de realizar el pedido. Esta factura se enviar\u00e1 en formato papel junto con el producto adquirido. Se podr\u00e1 descargar la factura en formato PDF accediendo al panel de gesti\u00f3n de la web con la cuenta de usuario. En caso de querer recibirla mediante correo electr\u00f3nico, deber\u00e1 solicitarlo por cualquiera de los medios que el PRESTADOR pone a su disposici\u00f3n, inform\u00e1ndole de que en cualquier momento podr\u00e1 revocar dicha decisi\u00f3n.<\/p>\n<p>Para cualquier informaci\u00f3n sobre el pedido, el USUARIO podr\u00e1 contactar a trav\u00e9s del tel\u00e9fono de atenci\u00f3n al cliente del PRESTADOR 935689900 o v\u00eda correo electr\u00f3nico a la direcci\u00f3n <a href=\"mailto:adesco@adescosa.com\">adesco@adescosa.com<\/a>.<br \/>\n<br \/>\n<strong>9. GASTOS DE TRANSPORTE<\/strong><\/p>\n<p>Los precios publicados en la tienda no incluyen gastos de env\u00edo, salvo pacto expreso por escrito en contrario.<\/p>\n<p>Los portes se calcular\u00e1n en el momento de guardar la cesta o presupuesto, ya que se calculan por el peso de los productos y por la direcci\u00f3n de entrega.<\/p>\n<p>Por lo que las tarifas de transporte dependen del destiono y del peso de los productos.<br \/>\n<br \/>\n<strong>10. FORMAS DE PAGO, CARGOS Y DESCUENTOS<\/strong><\/p>\n<p>El PRESTADOR es el responsable de las transacciones econ\u00f3micas y posibilita las siguientes formas para efectuar el pago de un pedido:<\/p>\n<ul>\n<li>Tarjeta de cr\u00e9dito<\/li>\n<li>Pay Pal<\/li>\n<li>Transferencia<\/li>\n<\/ul>\n<p>El USUARIO podr\u00e1 utilizar un cup\u00f3n de descuento en el momento previo a la finalizaci\u00f3n de la compra en caso de haberlo recibido por parte del PRESTADOR.<\/p>\n<p><strong>Medidas de seguridad<\/strong><\/p>\n<p>El sitio web utiliza t\u00e9cnicas de seguridad de la informaci\u00f3n generalmente aceptadas en la industria, tales como SSL, datos introducidos en p\u00e1gina segura, firewalls, procedimientos de control de acceso y mecanismos criptogr\u00e1ficos, todo ello con el objeto de evitar el acceso no autorizado a los datos. Para lograr estos fines, el usuario\/cliente acepta que el prestador obtenga datos para efecto de la correspondiente autenticaci\u00f3n de los controles de acceso.<\/p>\n<p>El PRESTADOR se compromete a no permitir ninguna transacci\u00f3n que sea considerada ilegal por las marcas de tarjetas de cr\u00e9dito o el banco adquiriente y que pueda o tenga el potencial de da\u00f1ar la buena voluntad de los mismos o influir de manera negativa en ellos.<\/p>\n<p>Est\u00e1 prohibida, en virtud de los programas de las marcas de tarjetas, la venta u oferta de un producto o servicio que no cumpla con todas las leyes aplicables al Comprador, Banco Emisor, Comerciante o Titular de la tarjeta o tarjetas.<br \/>\n<br \/>\n<strong>11. PROCESO DE COMPRA<\/strong><\/p>\n<p>Cualquier producto de nuestro cat\u00e1logo se puede a\u00f1adir a la cesta. En esta, solo se observar\u00e1n los art\u00edculos, la cantidad, el precio y el importe total. Una vez guardada la cesta se proceder\u00e1 a calcular los impuestos, cargos y descuentos seg\u00fan los datos de pago y de env\u00edo introducidos.<\/p>\n<p>Las cestas no tienen ninguna vinculaci\u00f3n administrativa, solo es un apartado donde se puede simular un presupuesto sin ning\u00fan compromiso por ambas partes.<\/p>\n<p>Desde la cesta se puede hacer un pedido siguiendo los pasos siguientes para su correcta formalizaci\u00f3n:<\/p>\n<p>1. &#8211; Comprobaci\u00f3n de los datos de facturaci\u00f3n.<br \/>\n2. &#8211; Comprobaci\u00f3n de la direcci\u00f3n de env\u00edo.<br \/>\n3. &#8211; Selecci\u00f3n de la forma de pago.<br \/>\n4. &#8211; Realizar el pedido (comprar).<\/p>\n<p>Una vez procesado el pedido, el sistema env\u00eda instant\u00e1neamente un correo electr\u00f3nico al departamento de gesti\u00f3n del PRESTADOR y otro al correo del USUARIO confirmando la realizaci\u00f3n del pedido.<\/p>\n<p><strong>Pedidos (solicitudes de compra)<\/strong><\/p>\n<p>Se enviar\u00e1 un correo electr\u00f3nico al USUARIO confirmando el estado del pedido y la fecha de entrega aproximada.<br \/>\n<br \/>\n<strong>12. DISOCIACI\u00d3N Y SUSPENSI\u00d3N O RESCISI\u00d3N DEL CONTRATO<\/strong><\/p>\n<p>Si cualquiera de estos t\u00e9rminos y condiciones se considerara ilegal, nula o por cualquier raz\u00f3n inaplicable, esta condici\u00f3n se considerar\u00e1 separable y no afectar\u00e1 la validez y aplicabilidad de ninguna de las condiciones restantes.<\/p>\n<p>El PRESTADOR podr\u00e1, sin previo aviso, suspender o terminar el acceso del USUARIO a sus servicios, en su totalidad o en parte, cuando el USUARIO no cumpla las obligaciones establecidas en este contrato o cualquier disposici\u00f3n legal, licencia, reglamento, directiva, c\u00f3digo de pr\u00e1cticas o pol\u00edticas que le sean aplicables.<\/p>\n<p>Cuando El PRESTADOR ejerza cualquiera de sus derechos o facultades bajo esta Cl\u00e1usula, tal ejercicio no perjudicar\u00e1 ni afectar\u00e1 el ejercicio de cualquier otro derecho, facultad o recurso que pueda estar a disposici\u00f3n de El PRESTADOR.<br \/>\n<br \/>\n<strong>13. GARANT\u00cdAS Y DEVOLUCIONES<\/strong><\/p>\n<p>Las garant\u00edas responder\u00e1n a lo regulado en el T\u00edtulo referido a &#8220;Garant\u00edas y servicios posventa&#8221; del Real Decreto Legislativo 1\/2007, de 16 de noviembre, por el que se aprueba el texto refundido de la Ley General para la Defensa de los Consumidores y Usuarios y otras leyes complementarias, al que puede acceder clicando <a href=\"https:\/\/www.boe.es\/buscar\/act.php?id=BOE-A-2007-20555&#038;p=20211103&#038;tn=1#tiv-3\" target=\"_blank\" rel=\"noopener\">aqu\u00ed<\/a><\/p>\n<p>Los plazos de garant\u00eda de los productos ofertados depender\u00e1n de sus caracter\u00edsticas propias, por lo que indicamos a continuaci\u00f3n los siguientes plazos:<\/p>\n<p>-Agua potable: debido a su car\u00e1cter perecedero, hay que atender a la fecha de consumo preferente.<\/p>\n<p>-Agua destilada, disionizada plus y aguas especiales: por sus caracter\u00edsticas propias, plazo de garant\u00eda m\u00e1ximo de un a\u00f1o.<\/p>\n<p>-Agua purificada: plazo m\u00e1ximo de cuatro a\u00f1os.<\/p>\n<p>En el supuesto de que el comprador sea un profesional o empresario que adquiere un bien de consumo para destinarlo a su actividad comercial o empresarial: se someter\u00e1 a las reglas generales del C\u00f3digo Civil, esto es: el r\u00e9gimen de saneamiento en caso de defectos o vicios en la compraventa, previsto en los arts. 1484 y ss. CC.<br \/>\n<br \/>\n<strong>14. LEY APLICABLE Y JURISDICCI\u00d3N<\/strong><\/p>\n<p>Este sitio se encuentra ubicado y es operado desde Espa\u00f1a. Todas las cuestiones relativas a este sitio se rigen por las leyes espa\u00f1olas y se someten a la jurisdicci\u00f3n de los Juzgados y Tribunales competentes de Espa\u00f1a, prevaleciendo en todo caso los derechos que al efecto reconoce la legislaci\u00f3n de protecci\u00f3n a los consumidores y usuarios, respet\u00e1ndose en todo caso el fuero del consumidor para la resoluci\u00f3n de cualquier litigio. <\/p>\n<p>En el caso de tratarse de un consumidor que no tenga su residencia habitual en Espa\u00f1a, contar\u00e1 con la protecci\u00f3n que pueda ofrecer cualquier disposici\u00f3n imperativa de la legislaci\u00f3n de su pa\u00eds de residencia. <\/p>\n<p>La Comisi\u00f3n Europea ofrece una plataforma para la resoluci\u00f3n alternativa de conflictos, a la cual puede acceder aqu\u00ed para comunicar su asunto:<\/p>\n<p><a href=\"https:\/\/ec.europa.eu\/consumers\/odr\/\" target=\"_blank\" rel=\"noopener\">https:\/\/ec.europa.eu\/consumers\/odr\/<\/a>[\/et_pb_text][\/et_pb_column][\/et_pb_row][\/et_pb_section]<\/p>\n","protected":false},"excerpt":{"rendered":"<p>Documento donde se especifican las condiciones de compra de los productos de Adesco en la web.<\/p>\n","protected":false},"author":3,"featured_media":0,"parent":0,"menu_order":0,"comment_status":"closed","ping_status":"closed","template":"","meta":{"_et_pb_use_builder":"on","_et_pb_old_content":"","_et_gb_content_width":"","footnotes":""},"class_list":["post-28560","page","type-page","status-publish","hentry"],"_links":{"self":[{"href":"https:\/\/www.adescosa.com\/pt-pt\/wp-json\/wp\/v2\/pages\/28560","targetHints":{"allow":["GET"]}}],"collection":[{"href":"https:\/\/www.adescosa.com\/pt-pt\/wp-json\/wp\/v2\/pages"}],"about":[{"href":"https:\/\/www.adescosa.com\/pt-pt\/wp-json\/wp\/v2\/types\/page"}],"author":[{"embeddable":true,"href":"https:\/\/www.adescosa.com\/pt-pt\/wp-json\/wp\/v2\/users\/3"}],"replies":[{"embeddable":true,"href":"https:\/\/www.adescosa.com\/pt-pt\/wp-json\/wp\/v2\/comments?post=28560"}],"version-history":[{"count":0,"href":"https:\/\/www.adescosa.com\/pt-pt\/wp-json\/wp\/v2\/pages\/28560\/revisions"}],"wp:attachment":[{"href":"https:\/\/www.adescosa.com\/pt-pt\/wp-json\/wp\/v2\/media?parent=28560"}],"curies":[{"name":"wp","href":"https:\/\/api.w.org\/{rel}","templated":true}]}}