{"id":5219,"date":"2018-05-29T04:17:31","date_gmt":"2018-05-29T02:17:31","guid":{"rendered":"https:\/\/ad.dms3labs.cat\/botiga-aigua-destillada-purificada\/non%20class\u00e9\/eau-distillee-bag-in-box-de-20-litres\/"},"modified":"2026-03-24T17:38:01","modified_gmt":"2026-03-24T16:38:01","slug":"eau-desionisee-distillee-dans-bag-in-box-de-20-litres","status":"publish","type":"product","link":"https:\/\/www.adescosa.com\/fr\/magasin-eaux\/acheter-eau-distillee-desionisee\/eau-desionisee-distillee-dans-bag-in-box-de-20-litres\/","title":{"rendered":"Eau D\u00e9min\u00e9ralis\u00e9e (Distill\u00e9e) dans un Bag in box de 20 Litres"},"content":{"rendered":"<ul>\n<li>Pack de bag in box de 20\u00a0litres d\u2019eau distill\u00e9e.<\/li>\n<li>Eau distill\u00e9e (d\u00e9min\u00e9ralis\u00e9e) de haute qualit\u00e9 avec une conductivit\u00e9 inf\u00e9rieure \u00e0 1,25 \u00b5S\/cm.<\/li>\n<li>Emballage en carton \u00e0 usage unique.<\/li>\n<\/ul>\n","protected":false},"excerpt":{"rendered":"<p>Pack de bag in box de 20\u00a0litres d\u2019eau distill\u00e9e. Eau distill\u00e9e (d\u00e9min\u00e9ralis\u00e9e) de haute qualit\u00e9 avec une conductivit\u00e9 inf\u00e9rieure \u00e0 1,25 \u00b5S\/cm. Emballage en carton \u00e0 usage unique.<\/p>\n","protected":false},"featured_media":8985,"template":"","meta":{"_et_pb_use_builder":"","_et_pb_old_content":"","_et_gb_content_width":""},"product_brand":[],"product_cat":[84],"product_tag":[],"class_list":{"0":"post-5219","1":"product","2":"type-product","3":"status-publish","4":"has-post-thumbnail","6":"product_cat-acheter-eau-distillee-desionisee","8":"first","9":"instock","10":"sale","11":"featured","12":"taxable","13":"shipping-taxable","14":"purchasable","15":"product-type-variable"},"group_of_quantity":0,"min_quantity":0,"max_quantity":"","exclude_order_quantity_value_rules":"no","exclude_category_quantity_rules":"no","combine_variations":"no","_links":{"self":[{"href":"https:\/\/www.adescosa.com\/fr\/wp-json\/wp\/v2\/product\/5219","targetHints":{"allow":["GET"]}}],"collection":[{"href":"https:\/\/www.adescosa.com\/fr\/wp-json\/wp\/v2\/product"}],"about":[{"href":"https:\/\/www.adescosa.com\/fr\/wp-json\/wp\/v2\/types\/product"}],"wp:featuredmedia":[{"embeddable":true,"href":"https:\/\/www.adescosa.com\/fr\/wp-json\/wp\/v2\/media\/8985"}],"wp:attachment":[{"href":"https:\/\/www.adescosa.com\/fr\/wp-json\/wp\/v2\/media?parent=5219"}],"wp:term":[{"taxonomy":"product_brand","embeddable":true,"href":"https:\/\/www.adescosa.com\/fr\/wp-json\/wp\/v2\/product_brand?post=5219"},{"taxonomy":"product_cat","embeddable":true,"href":"https:\/\/www.adescosa.com\/fr\/wp-json\/wp\/v2\/product_cat?post=5219"},{"taxonomy":"product_tag","embeddable":true,"href":"https:\/\/www.adescosa.com\/fr\/wp-json\/wp\/v2\/product_tag?post=5219"}],"curies":[{"name":"wp","href":"https:\/\/api.w.org\/{rel}","templated":true}]}}