{"id":5186,"date":"2018-05-29T06:01:36","date_gmt":"2018-05-29T04:01:36","guid":{"rendered":"https:\/\/ad.dms3labs.cat\/botiga-aigua-destillada-purificada\/non%20class\u00e9\/eau-purifiee-bag-in-box-20-litres\/"},"modified":"2026-03-25T10:41:37","modified_gmt":"2026-03-25T09:41:37","slug":"eau-purifiee-dans-un-bag-in-box-de-20-litres","status":"publish","type":"product","link":"https:\/\/www.adescosa.com\/fr\/magasin-eaux\/acheter-eau-purifiee\/eau-purifiee-dans-un-bag-in-box-de-20-litres\/","title":{"rendered":"Eau Purifi\u00e9e dans un Bag in box de 20 litres"},"content":{"rendered":"<ul>\n<li>Eau purifi\u00e9e de haute qualit\u00e9 avec une conductivit\u00e9 inf\u00e9rieure \u00e0 4,30 \u03bcS\/cm.<\/li>\n<li>Emballage en carton d&#8217;une seule utilisation.<\/li>\n<\/ul>\n","protected":false},"excerpt":{"rendered":"<p>Eau purifi\u00e9e de haute qualit\u00e9 avec une conductivit\u00e9 inf\u00e9rieure \u00e0 4,30 \u03bcS\/cm. Emballage en carton d&#8217;une seule utilisation.<\/p>\n","protected":false},"featured_media":4332,"template":"","meta":{"_et_pb_use_builder":"","_et_pb_old_content":"","_et_gb_content_width":""},"product_brand":[],"product_cat":[95],"product_tag":[],"class_list":{"0":"post-5186","1":"product","2":"type-product","3":"status-publish","4":"has-post-thumbnail","6":"product_cat-acheter-eau-purifiee","8":"first","9":"instock","10":"taxable","11":"shipping-taxable","12":"purchasable","13":"product-type-variable"},"group_of_quantity":0,"min_quantity":0,"max_quantity":"","exclude_order_quantity_value_rules":"no","exclude_category_quantity_rules":"no","combine_variations":"no","_links":{"self":[{"href":"https:\/\/www.adescosa.com\/fr\/wp-json\/wp\/v2\/product\/5186","targetHints":{"allow":["GET"]}}],"collection":[{"href":"https:\/\/www.adescosa.com\/fr\/wp-json\/wp\/v2\/product"}],"about":[{"href":"https:\/\/www.adescosa.com\/fr\/wp-json\/wp\/v2\/types\/product"}],"wp:featuredmedia":[{"embeddable":true,"href":"https:\/\/www.adescosa.com\/fr\/wp-json\/wp\/v2\/media\/4332"}],"wp:attachment":[{"href":"https:\/\/www.adescosa.com\/fr\/wp-json\/wp\/v2\/media?parent=5186"}],"wp:term":[{"taxonomy":"product_brand","embeddable":true,"href":"https:\/\/www.adescosa.com\/fr\/wp-json\/wp\/v2\/product_brand?post=5186"},{"taxonomy":"product_cat","embeddable":true,"href":"https:\/\/www.adescosa.com\/fr\/wp-json\/wp\/v2\/product_cat?post=5186"},{"taxonomy":"product_tag","embeddable":true,"href":"https:\/\/www.adescosa.com\/fr\/wp-json\/wp\/v2\/product_tag?post=5186"}],"curies":[{"name":"wp","href":"https:\/\/api.w.org\/{rel}","templated":true}]}}