{"id":5142,"date":"2019-01-17T12:07:03","date_gmt":"2019-01-17T11:07:03","guid":{"rendered":"https:\/\/ad.dms3labs.cat\/botiga-aigua-destillada-purificada\/non%20class\u00e9\/bidon-5l-carre\/"},"modified":"2026-01-27T11:37:21","modified_gmt":"2026-01-27T10:37:21","slug":"eau-desionisee-distillee-dans-un-fut-de-5-litres","status":"publish","type":"product","link":"https:\/\/www.adescosa.com\/fr\/magasin-eaux\/acheter-eau-distillee-desionisee\/eau-desionisee-distillee-dans-un-fut-de-5-litres\/","title":{"rendered":"Eau D\u00e9min\u00e9ralis\u00e9e (Distill\u00e9e) dans un F\u00fbt de 5 litres"},"content":{"rendered":"<ul>\n<li>Eau distill\u00e9e (d\u00e9sionis\u00e9e) de haute qualit\u00e9 avec une conductivit\u00e9 inf\u00e9rieure a 1,25 \u00b5M\/cm.<\/li>\n<li>Packs de f\u00fbts de 5 L d\u2019eau distill\u00e9e.<\/li>\n<li>Bidons en plastique.<\/li>\n<\/ul>\n","protected":false},"excerpt":{"rendered":"<p>Eau distill\u00e9e (d\u00e9sionis\u00e9e) de haute qualit\u00e9 avec une conductivit\u00e9 inf\u00e9rieure a 1,25 \u00b5M\/cm. Packs de f\u00fbts de 5 L d\u2019eau distill\u00e9e. Bidons en plastique.<\/p>\n","protected":false},"featured_media":4896,"template":"","meta":{"_et_pb_use_builder":"","_et_pb_old_content":"","_et_gb_content_width":""},"product_brand":[],"product_cat":[84],"product_tag":[],"class_list":{"0":"post-5142","1":"product","2":"type-product","3":"status-publish","4":"has-post-thumbnail","6":"product_cat-acheter-eau-distillee-desionisee","8":"first","9":"instock","10":"taxable","11":"shipping-taxable","12":"purchasable","13":"product-type-variable","14":"has-default-attributes"},"group_of_quantity":0,"min_quantity":0,"max_quantity":"","exclude_order_quantity_value_rules":"no","exclude_category_quantity_rules":"no","combine_variations":"no","_links":{"self":[{"href":"https:\/\/www.adescosa.com\/fr\/wp-json\/wp\/v2\/product\/5142","targetHints":{"allow":["GET"]}}],"collection":[{"href":"https:\/\/www.adescosa.com\/fr\/wp-json\/wp\/v2\/product"}],"about":[{"href":"https:\/\/www.adescosa.com\/fr\/wp-json\/wp\/v2\/types\/product"}],"wp:featuredmedia":[{"embeddable":true,"href":"https:\/\/www.adescosa.com\/fr\/wp-json\/wp\/v2\/media\/4896"}],"wp:attachment":[{"href":"https:\/\/www.adescosa.com\/fr\/wp-json\/wp\/v2\/media?parent=5142"}],"wp:term":[{"taxonomy":"product_brand","embeddable":true,"href":"https:\/\/www.adescosa.com\/fr\/wp-json\/wp\/v2\/product_brand?post=5142"},{"taxonomy":"product_cat","embeddable":true,"href":"https:\/\/www.adescosa.com\/fr\/wp-json\/wp\/v2\/product_cat?post=5142"},{"taxonomy":"product_tag","embeddable":true,"href":"https:\/\/www.adescosa.com\/fr\/wp-json\/wp\/v2\/product_tag?post=5142"}],"curies":[{"name":"wp","href":"https:\/\/api.w.org\/{rel}","templated":true}]}}