{"id":5126,"date":"2019-01-18T11:07:23","date_gmt":"2019-01-18T10:07:23","guid":{"rendered":"https:\/\/ad.dms3labs.cat\/botiga-aigua-destillada-purificada\/non%20class\u00e9\/robinet-adaptable\/"},"modified":"2026-01-27T11:35:15","modified_gmt":"2026-01-27T10:35:15","slug":"robinet-adaptable","status":"publish","type":"product","link":"https:\/\/www.adescosa.com\/fr\/magasin-eaux\/robinets-depots-accessoires\/robinet-adaptable\/","title":{"rendered":"Robinet adaptable Bag in box 20 litres"},"content":{"rendered":"<p>Robinet r\u00e9utilisable. Une fois utilis\u00e9, il peut \u00eatre extrait et utilis\u00e9 dans un autre conteneur.<\/p>\n","protected":false},"excerpt":{"rendered":"<p>Robinet r\u00e9utilisable. Une fois utilis\u00e9, il peut \u00eatre extrait et utilis\u00e9 dans un autre conteneur.<\/p>\n","protected":false},"featured_media":6295,"template":"","meta":{"_et_pb_use_builder":"","_et_pb_old_content":"","_et_gb_content_width":""},"product_brand":[],"product_cat":[240],"product_tag":[],"class_list":{"0":"post-5126","1":"product","2":"type-product","3":"status-publish","4":"has-post-thumbnail","6":"product_cat-robinets-depots-accessoires","8":"first","9":"instock","10":"taxable","11":"shipping-taxable","12":"purchasable","13":"product-type-simple"},"group_of_quantity":0,"min_quantity":0,"max_quantity":"","exclude_order_quantity_value_rules":"no","exclude_category_quantity_rules":"no","combine_variations":"no","_links":{"self":[{"href":"https:\/\/www.adescosa.com\/fr\/wp-json\/wp\/v2\/product\/5126","targetHints":{"allow":["GET"]}}],"collection":[{"href":"https:\/\/www.adescosa.com\/fr\/wp-json\/wp\/v2\/product"}],"about":[{"href":"https:\/\/www.adescosa.com\/fr\/wp-json\/wp\/v2\/types\/product"}],"wp:featuredmedia":[{"embeddable":true,"href":"https:\/\/www.adescosa.com\/fr\/wp-json\/wp\/v2\/media\/6295"}],"wp:attachment":[{"href":"https:\/\/www.adescosa.com\/fr\/wp-json\/wp\/v2\/media?parent=5126"}],"wp:term":[{"taxonomy":"product_brand","embeddable":true,"href":"https:\/\/www.adescosa.com\/fr\/wp-json\/wp\/v2\/product_brand?post=5126"},{"taxonomy":"product_cat","embeddable":true,"href":"https:\/\/www.adescosa.com\/fr\/wp-json\/wp\/v2\/product_cat?post=5126"},{"taxonomy":"product_tag","embeddable":true,"href":"https:\/\/www.adescosa.com\/fr\/wp-json\/wp\/v2\/product_tag?post=5126"}],"curies":[{"name":"wp","href":"https:\/\/api.w.org\/{rel}","templated":true}]}}