{"id":5122,"date":"2019-01-18T11:19:15","date_gmt":"2019-01-18T10:19:15","guid":{"rendered":"https:\/\/ad.dms3labs.cat\/botiga-aigua-destillada-purificada\/non%20class\u00e9\/conteneur-1000l-ibc\/"},"modified":"2026-04-17T12:16:35","modified_gmt":"2026-04-17T10:16:35","slug":"conteneur-1000l-ibc","status":"publish","type":"product","link":"https:\/\/www.adescosa.com\/fr\/magasin-eaux\/acheter-eau-distillee-desionisee\/conteneur-1000l-ibc\/","title":{"rendered":"Eau D\u00e9min\u00e9ralis\u00e9e (Distill\u00e9e) dans un Conteneur 1000L IBC"},"content":{"rendered":"<ul>\n<li>Conteneur IBC de\u00a01000\u00a0litres d\u2019eau.<\/li>\n<li>Eau Desionis\u00e9e Plus de haute qualit\u00e9 avec une conductivit\u00e9 inf\u00e9rieure \u00e0 1,25 \u03bcS\/cm..<\/li>\n<li>Emballage r\u00e9utilisable.<\/li>\n<\/ul>\n","protected":false},"excerpt":{"rendered":"<p>Conteneur IBC de\u00a01000\u00a0litres d\u2019eau. Eau Desionis\u00e9e Plus de haute qualit\u00e9 avec une conductivit\u00e9 inf\u00e9rieure \u00e0 1,25 \u03bcS\/cm.. Emballage r\u00e9utilisable.<\/p>\n","protected":false},"featured_media":20625,"template":"","meta":{"_et_pb_use_builder":"off","_et_pb_old_content":"","_et_gb_content_width":""},"product_brand":[],"product_cat":[84],"product_tag":[],"class_list":{"0":"post-5122","1":"product","2":"type-product","3":"status-publish","4":"has-post-thumbnail","6":"product_cat-acheter-eau-distillee-desionisee","8":"first","9":"instock","10":"taxable","11":"shipping-taxable","12":"purchasable","13":"product-type-simple"},"group_of_quantity":0,"min_quantity":0,"max_quantity":"","exclude_order_quantity_value_rules":"no","exclude_category_quantity_rules":"no","combine_variations":"no","_links":{"self":[{"href":"https:\/\/www.adescosa.com\/fr\/wp-json\/wp\/v2\/product\/5122","targetHints":{"allow":["GET"]}}],"collection":[{"href":"https:\/\/www.adescosa.com\/fr\/wp-json\/wp\/v2\/product"}],"about":[{"href":"https:\/\/www.adescosa.com\/fr\/wp-json\/wp\/v2\/types\/product"}],"wp:featuredmedia":[{"embeddable":true,"href":"https:\/\/www.adescosa.com\/fr\/wp-json\/wp\/v2\/media\/20625"}],"wp:attachment":[{"href":"https:\/\/www.adescosa.com\/fr\/wp-json\/wp\/v2\/media?parent=5122"}],"wp:term":[{"taxonomy":"product_brand","embeddable":true,"href":"https:\/\/www.adescosa.com\/fr\/wp-json\/wp\/v2\/product_brand?post=5122"},{"taxonomy":"product_cat","embeddable":true,"href":"https:\/\/www.adescosa.com\/fr\/wp-json\/wp\/v2\/product_cat?post=5122"},{"taxonomy":"product_tag","embeddable":true,"href":"https:\/\/www.adescosa.com\/fr\/wp-json\/wp\/v2\/product_tag?post=5122"}],"curies":[{"name":"wp","href":"https:\/\/api.w.org\/{rel}","templated":true}]}}