{"id":5119,"date":"2019-01-24T13:27:55","date_gmt":"2019-01-24T12:27:55","guid":{"rendered":"https:\/\/ad.dms3labs.cat\/botiga-aigua-destillada-purificada\/non%20class\u00e9\/aigua-desionitzada-en-bido-de-16l\/"},"modified":"2021-09-17T16:26:46","modified_gmt":"2021-09-17T14:26:46","slug":"eau-desionisee-distillee-dans-un-fut-de-16-litres","status":"publish","type":"product","link":"https:\/\/www.adescosa.com\/fr\/magasin-eaux\/acheter-eau-distillee-desionisee\/eau-desionisee-distillee-dans-un-fut-de-16-litres\/","title":{"rendered":"Eau D\u00e9sionis\u00e9e (Distill\u00e9e) dans un F\u00fbt de 16 litres"},"content":{"rendered":"<ul>\n<li>Eau distill\u00e9e (d\u00e9sionis\u00e9e) de haute qualit\u00e9 avec une conductivit\u00e9 inf\u00e9rieure a 1,25 \u00b5M\/cm.<\/li>\n<li>Packs de f\u00fbts de 16 L d\u2019eau distill\u00e9e.<\/li>\n<li>Bidons en plastique.<\/li>\n<\/ul>\n","protected":false},"excerpt":{"rendered":"<p>Eau distill\u00e9e (d\u00e9sionis\u00e9e) de haute qualit\u00e9 avec une conductivit\u00e9 inf\u00e9rieure a 1,25 \u00b5M\/cm. Packs de f\u00fbts de 16 L d\u2019eau distill\u00e9e. Bidons en plastique.<\/p>\n","protected":false},"featured_media":4328,"template":"","meta":{"_et_pb_use_builder":"off","_et_pb_old_content":"<ul>\r\n \t<li>Eau distill\u00e9e (d\u00e9sionis\u00e9e) de haute qualit\u00e9 avec une conductivit\u00e9 inf\u00e9rieure a 1,25 \u00b5M\/cm.<\/li>\r\n \t<li>Packs de f\u00fbts de 16 L d\u2019eau distill\u00e9e.<\/li>\r\n \t<li>Bidons en plastique.<\/li>\r\n<\/ul>","_et_gb_content_width":""},"product_brand":[],"product_cat":[84],"product_tag":[],"class_list":{"0":"post-5119","1":"product","2":"type-product","3":"status-publish","4":"has-post-thumbnail","6":"product_cat-acheter-eau-distillee-desionisee","8":"first","9":"instock","10":"taxable","11":"shipping-taxable","12":"purchasable","13":"product-type-simple"},"group_of_quantity":0,"min_quantity":0,"max_quantity":"","exclude_order_quantity_value_rules":"no","exclude_category_quantity_rules":"no","combine_variations":"no","_links":{"self":[{"href":"https:\/\/www.adescosa.com\/fr\/wp-json\/wp\/v2\/product\/5119","targetHints":{"allow":["GET"]}}],"collection":[{"href":"https:\/\/www.adescosa.com\/fr\/wp-json\/wp\/v2\/product"}],"about":[{"href":"https:\/\/www.adescosa.com\/fr\/wp-json\/wp\/v2\/types\/product"}],"wp:featuredmedia":[{"embeddable":true,"href":"https:\/\/www.adescosa.com\/fr\/wp-json\/wp\/v2\/media\/4328"}],"wp:attachment":[{"href":"https:\/\/www.adescosa.com\/fr\/wp-json\/wp\/v2\/media?parent=5119"}],"wp:term":[{"taxonomy":"product_brand","embeddable":true,"href":"https:\/\/www.adescosa.com\/fr\/wp-json\/wp\/v2\/product_brand?post=5119"},{"taxonomy":"product_cat","embeddable":true,"href":"https:\/\/www.adescosa.com\/fr\/wp-json\/wp\/v2\/product_cat?post=5119"},{"taxonomy":"product_tag","embeddable":true,"href":"https:\/\/www.adescosa.com\/fr\/wp-json\/wp\/v2\/product_tag?post=5119"}],"curies":[{"name":"wp","href":"https:\/\/api.w.org\/{rel}","templated":true}]}}