{"id":38047,"date":"2026-04-28T08:51:25","date_gmt":"2026-04-28T06:51:25","guid":{"rendered":"https:\/\/www.adescosa.com\/?post_type=product&#038;p=38047"},"modified":"2026-04-28T09:00:25","modified_gmt":"2026-04-28T07:00:25","slug":"eau-demineralisee-distillee-dans-un-conteneur-1000l-ibc-copia","status":"publish","type":"product","link":"https:\/\/www.adescosa.com\/fr\/magasin-eaux\/acheter-eau-distillee-desionisee\/eau-demineralisee-distillee-dans-un-conteneur-1000l-ibc-copia\/","title":{"rendered":"Outlet ! Eau d\u00e9ionis\u00e9e (distill\u00e9e) en conteneur IBC 1000L \u2013 Palette en bois"},"content":{"rendered":"<ul>\n<li>Conteneur IBC de\u00a01000\u00a0litres d\u2019eau.<\/li>\n<li>Eau Desionis\u00e9e Plus de haute qualit\u00e9 avec une conductivit\u00e9 inf\u00e9rieure \u00e0 1,25 \u03bcS\/cm..<\/li>\n<li>Emballage r\u00e9utilisable.<\/li>\n<\/ul>\n","protected":false},"excerpt":{"rendered":"<p>Conteneur IBC de\u00a01000\u00a0litres d\u2019eau. Eau Desionis\u00e9e Plus de haute qualit\u00e9 avec une conductivit\u00e9 inf\u00e9rieure \u00e0 1,25 \u03bcS\/cm.. Emballage r\u00e9utilisable.<\/p>\n","protected":false},"featured_media":38057,"template":"","meta":{"_et_pb_use_builder":"off","_et_pb_old_content":"","_et_gb_content_width":""},"product_brand":[],"product_cat":[84],"product_tag":[],"class_list":{"0":"post-38047","1":"product","2":"type-product","3":"status-publish","4":"has-post-thumbnail","6":"product_cat-acheter-eau-distillee-desionisee","8":"first","9":"instock","10":"sale","11":"taxable","12":"shipping-taxable","13":"purchasable","14":"product-type-simple"},"group_of_quantity":0,"min_quantity":0,"max_quantity":"","exclude_order_quantity_value_rules":"no","exclude_category_quantity_rules":"no","combine_variations":"no","_links":{"self":[{"href":"https:\/\/www.adescosa.com\/fr\/wp-json\/wp\/v2\/product\/38047","targetHints":{"allow":["GET"]}}],"collection":[{"href":"https:\/\/www.adescosa.com\/fr\/wp-json\/wp\/v2\/product"}],"about":[{"href":"https:\/\/www.adescosa.com\/fr\/wp-json\/wp\/v2\/types\/product"}],"wp:featuredmedia":[{"embeddable":true,"href":"https:\/\/www.adescosa.com\/fr\/wp-json\/wp\/v2\/media\/38057"}],"wp:attachment":[{"href":"https:\/\/www.adescosa.com\/fr\/wp-json\/wp\/v2\/media?parent=38047"}],"wp:term":[{"taxonomy":"product_brand","embeddable":true,"href":"https:\/\/www.adescosa.com\/fr\/wp-json\/wp\/v2\/product_brand?post=38047"},{"taxonomy":"product_cat","embeddable":true,"href":"https:\/\/www.adescosa.com\/fr\/wp-json\/wp\/v2\/product_cat?post=38047"},{"taxonomy":"product_tag","embeddable":true,"href":"https:\/\/www.adescosa.com\/fr\/wp-json\/wp\/v2\/product_tag?post=38047"}],"curies":[{"name":"wp","href":"https:\/\/api.w.org\/{rel}","templated":true}]}}