{"id":1116,"date":"2016-05-26T10:16:45","date_gmt":"2016-05-26T08:16:45","guid":{"rendered":"https:\/\/www.adescosa.com\/fr\/produit\/contenedor-odl-1000-l-agua-desionizada-plus\/"},"modified":"2026-01-27T11:51:25","modified_gmt":"2026-01-27T10:51:25","slug":"eau-desionisee-plus-en-conteneur-odl-de-1000-litres","status":"publish","type":"product","link":"https:\/\/www.adescosa.com\/fr\/magasin-eaux\/acheter-eau-demineralisee-desionisee-plus\/eau-desionisee-plus-en-conteneur-odl-de-1000-litres\/","title":{"rendered":"Eau D\u00e9min\u00e9ralis\u00e9e Plus en Conteneur ODL de 1000 litres"},"content":{"rendered":"<ul>\n<li>Conteneur\u00a0ODL de 1000\u00a0litres d\u2019eau desionis\u00e9e plus.<\/li>\n<li>Eau Desionis\u00e9e Plus de haute qualit\u00e9 avec une conductivit\u00e9 inf\u00e9rieure \u00e0 1,50 \u03bcS\/cm.<\/li>\n<li>Hygi\u00e9nisant adapt\u00e9 au r\u00e8glement (CE) n \u00b0 1223\/2009 et apte \u00e0 l&#8217;ordre SSI \/ 304\/2013.<\/li>\n<li>Emballage en carton jetable.<\/li>\n<li>La vanne 2 \u00ab\u00a0est vendue s\u00e9par\u00e9ment (<a href=\"https:\/\/www.adescosa.com\/fr\/magasin-eaux\/robinets-depots-accessoires\/vanne-odl\/\">cliquez ici pour voir la fiche technique de la vanne<\/a>).<\/li>\n<\/ul>\n","protected":false},"excerpt":{"rendered":"<p>Conteneur\u00a0ODL de 1000\u00a0litres d\u2019eau desionis\u00e9e plus. Eau Desionis\u00e9e Plus de haute qualit\u00e9 avec une conductivit\u00e9 inf\u00e9rieure \u00e0 1,50 \u03bcS\/cm. Hygi\u00e9nisant adapt\u00e9 au r\u00e8glement (CE) n \u00b0 1223\/2009 et apte \u00e0 l&#8217;ordre SSI \/ 304\/2013. Emballage en carton jetable. La vanne 2 \u00ab\u00a0est vendue s\u00e9par\u00e9ment (cliquez ici pour voir la fiche technique de la vanne).<\/p>\n","protected":false},"featured_media":6267,"template":"","meta":{"_et_pb_use_builder":"","_et_pb_old_content":"","_et_gb_content_width":""},"product_brand":[],"product_cat":[89],"product_tag":[],"class_list":{"0":"post-1116","1":"product","2":"type-product","3":"status-publish","4":"has-post-thumbnail","6":"product_cat-acheter-eau-demineralisee-desionisee-plus","8":"first","9":"instock","10":"taxable","11":"shipping-taxable","12":"purchasable","13":"product-type-simple"},"group_of_quantity":0,"min_quantity":0,"max_quantity":"","exclude_order_quantity_value_rules":"no","exclude_category_quantity_rules":"no","combine_variations":"no","_links":{"self":[{"href":"https:\/\/www.adescosa.com\/fr\/wp-json\/wp\/v2\/product\/1116","targetHints":{"allow":["GET"]}}],"collection":[{"href":"https:\/\/www.adescosa.com\/fr\/wp-json\/wp\/v2\/product"}],"about":[{"href":"https:\/\/www.adescosa.com\/fr\/wp-json\/wp\/v2\/types\/product"}],"wp:featuredmedia":[{"embeddable":true,"href":"https:\/\/www.adescosa.com\/fr\/wp-json\/wp\/v2\/media\/6267"}],"wp:attachment":[{"href":"https:\/\/www.adescosa.com\/fr\/wp-json\/wp\/v2\/media?parent=1116"}],"wp:term":[{"taxonomy":"product_brand","embeddable":true,"href":"https:\/\/www.adescosa.com\/fr\/wp-json\/wp\/v2\/product_brand?post=1116"},{"taxonomy":"product_cat","embeddable":true,"href":"https:\/\/www.adescosa.com\/fr\/wp-json\/wp\/v2\/product_cat?post=1116"},{"taxonomy":"product_tag","embeddable":true,"href":"https:\/\/www.adescosa.com\/fr\/wp-json\/wp\/v2\/product_tag?post=1116"}],"curies":[{"name":"wp","href":"https:\/\/api.w.org\/{rel}","templated":true}]}}