{"id":27144,"date":"2021-12-14T14:22:57","date_gmt":"2021-12-14T13:22:57","guid":{"rendered":"https:\/\/www.adescosa.com\/aviso-legal\/"},"modified":"2026-01-27T10:36:48","modified_gmt":"2026-01-27T09:36:48","slug":"aviso-legal","status":"publish","type":"page","link":"https:\/\/www.adescosa.com\/fr\/aviso-legal\/","title":{"rendered":"Aviso legal"},"content":{"rendered":"\n<p>Adesco, SA, responsable del lloc web, d&#8217;ara endavant RESPONSABLE, posa a disposici\u00f3 dels usuaris aquest document, amb el qual pret\u00e9n donar compliment a les obligacions disposades a la Llei 34\/2002, d&#8217;11 de juliol, de Serveis de la Societat de la Informaci\u00f3 i de Comer\u00e7 Electr\u00f2nic (LSSICE), BOE N\u00fam. 166, aix\u00ed com informar tots els usuaris del lloc web respecte a quines s\u00f3n les condicions d&#8217;\u00fas.<\/p>\n\n<p>Tota persona que accedeixi a aquest lloc web assumeix el paper dusuari, comprometent-se a lobservan\u00e7a i compliment rigor\u00f3s de les disposicions aqu\u00ed disposades, aix\u00ed com a qualsevol altra disposici\u00f3 legal que fos d\u2019aplicaci\u00f3.<\/p>\n\n<p>Adesco, SA es reserva el dret de modificar qualsevol tipus d&#8217;informaci\u00f3 que pogu\u00e9s apar\u00e8ixer al lloc web, sense que hi hagi obligaci\u00f3 de preavisar o posar en coneixement dels usuaris aquestes obligacions, entenent com a suficient la publicaci\u00f3 al lloc web d&#8217;Adesco, SA .<\/p>\n\n<p>DADES IDENTIFICATIVES<\/p>\n\n<p>Nom de domini: adescosa.com Nom comercial: Adesco Denominaci\u00f3 social: Adesco, SA NIF: A08279689<br\/>Domicili social: Carrer Can Cabanyes, 87 Pol. Ind. Cal Gordi \/ Cal Catal\u00e0<br\/><br\/>Tel\u00e8fon:<a href=\"tel:+34935689900%20\"><i class=\"fas fa-phone fa-flip-horizontal\"><\/i>\u00a093 568 99 00<\/a><br\/>E-mail: adesco@adescosa.com<br\/>Full 19491 Foli 144 Tom 1991 Llibre 100397 secci\u00f3 2n Inscrita a Barcelona<\/p>\n\n<p>Tel\u00e8fon:<a href=\"tel:+34935689900%20\">\u00a093 568 99 00<\/a><br\/>E-mail: adesco@adescosa.com<br\/>Full 19491 Foli 144 Tom 1991 Llibre 100397 secci\u00f3 2n Inscrita a Barcelona<\/p>\n\n<h2 class=\"wp-block-heading\" id=\"drets-de-propietat-intel-lectual-i-industrial\">DRETS DE PROPIETAT INTEL\u00b7LECTUAL I INDUSTRIAL<\/h2>\n\n<p>El lloc web, incloent a t\u00edtol enunciatiu per\u00f2 no limitatiu la seva programaci\u00f3, edici\u00f3, compilaci\u00f3 i altres elements necessaris per al seu funcionament, els dissenys, logotips, text i\/o gr\u00e0fics, s\u00f3n propietat del RESPONSABLE o, si escau, disposa de llic\u00e8ncia o autoritzaci\u00f3 expressa per part dels autors. Tots els continguts del lloc web es troben degudament protegits per la normativa de propietat intel\u00b7lectual i industrial, aix\u00ed com inscrits als registres p\u00fablics corresponents.<br\/>Independentment de la finalitat per a la qual fossin destinats, la reproducci\u00f3 total o parcial, \u00fas, explotaci\u00f3, distribuci\u00f3 i comercialitzaci\u00f3 requereix en tot cas l&#8217;autoritzaci\u00f3 escrita pr\u00e8via per part del RESPONSABLE. Qualsevol \u00fas no autoritzat pr\u00e8viament es considera un incompliment greu dels drets de propietat intel\u00b7lectual o industrial de l\u2019autor.<br\/>Els dissenys, logotips, text i\/o gr\u00e0fics aliens al RESPONSABLE i que poguessin apar\u00e8ixer al lloc web, pertanyen als seus respectius propietaris, sent ells mateixos responsables de qualsevol possible controv\u00e8rsia que pogu\u00e9s suscitar-se respecte a aquests. El RESPONSABLE autoritza expressament que tercers puguin redirigir directament als continguts concrets del lloc web, i en tot cas redirigir al lloc web principal de adescosa.com<\/p>\n\n<p>El RESPONSABLE reconeix a favor dels seus titulars els corresponents drets de propietat intel\u00b7lectual i industrial, no implicant la seva sola menci\u00f3 o aparici\u00f3 al lloc web l&#8217;exist\u00e8ncia de drets o responsabilitat sobre aquests, com tampoc suport, patrocini o recomanaci\u00f3 per part del mateix .<br\/>Per fer qualsevol tipus d&#8217;observaci\u00f3 respecte a possibles incompliments dels drets de propietat intel\u00b7lectual o industrial, aix\u00ed com sobre qualsevol dels continguts del lloc web, podeu fer-ho a trav\u00e9s del correu electr\u00f2nic adesco@adescosa.com.<\/p>\n\n<h2 class=\"wp-block-heading\" id=\"exempcio-de-responsabilitats\">EXEMPCI\u00d3 DE RESPONSABILITATS<\/h2>\n\n<p>El RESPONSABLE s&#8217;eximeix de qualsevol tipus de responsabilitat derivada de la informaci\u00f3 publicada al seu lloc web sempre que no tingui coneixement efectiu que aquesta informaci\u00f3 hagi estat manipulada o introdu\u00efda per un tercer ali\u00e8 al mateix o, si en t\u00e9, hagi actuat amb dilig\u00e8ncia per retirar les dades o fer impossible accedir-hi.<\/p>\n\n<p><strong>\u00das de galetes<\/strong><br\/>Aquest lloc web pot utilitzar cookies t\u00e8cniques (petits arxius d&#8217;informaci\u00f3 que el servidor envia a lordinador de qui accedeix a la p\u00e0gina) per dur a terme determinades funcions que s\u00f3n considerades imprescindibles per al correcte funcionament i visualitzaci\u00f3 del lloc. Les galetes utilitzades tenen, en tot cas, car\u00e0cter temporal, amb l&#8217;\u00fanica finalitat de fer m\u00e9s efica\u00e7 la navegaci\u00f3, i desapareixen en acabar la sessi\u00f3 de l&#8217;usuari. En cap cas, aquestes galetes proporcionen per si mateixes dades de car\u00e0cter personal i no s&#8217;utilitzaran per a la recollida dels mateixos.<br\/>Mitjan\u00e7ant l&#8217;\u00fas de cookies tamb\u00e9 \u00e9s possible que el servidor on es troba la web reconegui el navegador utilitzat per l&#8217;usuari amb la finalitat que la navegaci\u00f3 sigui m\u00e9s senzilla, permetent, per exemple, l&#8217;acc\u00e9s dels usuaris que s&#8217;hagin registrat pr\u00e8viament les \u00e0rees, serveis, promocions o concursos reservats exclusivament a ells sense haver de registrar-se a cada visita. Tamb\u00e9 es poden utilitzar per mesurar l&#8217;audi\u00e8ncia, par\u00e0metres de tr\u00e0nsit, controlar el progr\u00e9s i el nombre d&#8217;entrades, etc., i en aquests casos s\u00f3n cookies prescindibles t\u00e8cnicament, per\u00f2 beneficioses per a l&#8217;usuari. Aquest lloc web no instal\u00b7lar\u00e0 galetes prescindibles sense el consentiment previ de l&#8217;usuari.<br\/>L&#8217;usuari t\u00e9 la possibilitat de configurar el vostre navegador per ser alertat de la recepci\u00f3 de cookies i per impedir la seva instal\u00b7laci\u00f3 al vostre equip. Si us plau, consulteu les instruccions del vostre navegador per ampliar aquesta informaci\u00f3.<\/p>\n\n<p>P<strong>ol\u00edtica d&#8217;enlla\u00e7os<\/strong><br\/>Des del lloc web, \u00e9s possible que es redirigeixi a continguts de tercers llocs web. At\u00e8s que el RESPONSABLE no pot controlar sempre els continguts introdu\u00efts per tercers als seus respectius llocs web, no assumeix cap mena de responsabilitat respecte a aquests continguts. En tot cas, procedir\u00e0 a la retirada immediata de qualsevol contingut que pogu\u00e9s contravenir la legislaci\u00f3 nacional o internacional, la moral o l&#8217;ordre p\u00fablic, procedint a la retirada immediata de la redirecci\u00f3 a aquest lloc web, posant en coneixement de les autoritats competents el contingut en q\u00fcesti\u00f3.<br\/>El RESPONSABLE no es fa responsable de la informaci\u00f3 i continguts emmagatzemats, a t\u00edtol enunciatiu per\u00f2 no limitatiu, en f\u00f2rums, xats, generadors de blocs, comentaris, xarxes socials o qualsevol altre mitj\u00e0 que permeti a tercers publicar continguts de forma independent a la p\u00e0gina web del RESPONSABLE. No obstant aix\u00f2, i en compliment del que disposen els articles 11 i 16 de la LSSICE, es posa a disposici\u00f3 de tots els usuaris, autoritats i forces de seguretat, col\u00b7laborant de forma activa en la retirada o, si escau, bloqueig de tots aquells continguts que puguin afectar o contravenir la legislaci\u00f3 nacional o internacional, els drets de tercers o la moral i lordre p\u00fablic. En cas que l&#8217;usuari consideri que hi ha al lloc web algun contingut que pogu\u00e9s ser susceptible d&#8217;aquesta classificaci\u00f3, es prega que ho notifiqui de manera immediata a l&#8217;administrador del lloc web.<br\/>Aquest lloc web s&#8217;ha revisat i provat perqu\u00e8 funcioni correctament. En principi, es pot garantir el funcionament correcte els 365 dies de l&#8217;any, 24 hores al dia. Tot i aix\u00f2, el RESPONSABLE no descarta la possibilitat que hi hagi certs errors de programaci\u00f3, o que esdevinguin causes de for\u00e7a major, cat\u00e0strofes naturals, vagues o circumst\u00e0ncies semblants que facin impossible l&#8217;acc\u00e9s a la p\u00e0gina web.<\/p>\n\n<p><strong>Adreces IP<\/strong><br\/>Els servidors del lloc web podran detectar autom\u00e0ticament l&#8217;adre\u00e7a IP i el nom de domini utilitzats per l&#8217;usuari. Una adre\u00e7a IP \u00e9s un n\u00famero assignat autom\u00e0ticament a un ordinador quan aquest es connecta a Internet. Tota aquesta informaci\u00f3 es registra en un fitxer d&#8217;activitat del servidor que permet el processament posterior de les dades per tal d&#8217;obtenir mesures \u00fanicament estad\u00edstiques que permetin con\u00e8ixer el nombre d&#8217;impressions de p\u00e0gines, el nombre de visites realitzades als servidors web, l&#8217;ordre visites, el punt d&#8217;acc\u00e9s, etc.<\/p>\n\n<h2 class=\"wp-block-heading\" id=\"llei-aplicable-i-jurisdiccio\">LLEI APLICABLE I JURISDICCI\u00d3<\/h2>\n\n<p>Per a la resoluci\u00f3 de totes les controv\u00e8rsies o q\u00fcestions relacionades amb aquest lloc web o de les activitats que s&#8217;hi desenvolupin, ser\u00e0 aplicable la legislaci\u00f3 espanyola, a la qual se sotmeten expressament les parts, sent competents per a la resoluci\u00f3 de tots els conflictes derivats o relacionats amb el seu \u00fas els jutjats i els tribunals del domicili de l&#8217;usuari o el lloc del compliment de l&#8217;obligaci\u00f3.<\/p>\n","protected":false},"excerpt":{"rendered":"<p>Adesco, SA, responsable del lloc web, d&#8217;ara endavant RESPONSABLE, posa a disposici\u00f3 dels usuaris aquest document, amb el qual pret\u00e9n donar compliment a les obligacions disposades a la Llei 34\/2002, d&#8217;11 de juliol, de Serveis de la Societat de la Informaci\u00f3 i de Comer\u00e7 Electr\u00f2nic (LSSICE), BOE N\u00fam. 166, aix\u00ed com informar tots els usuaris [&hellip;]<\/p>\n","protected":false},"author":181,"featured_media":0,"parent":0,"menu_order":0,"comment_status":"closed","ping_status":"closed","template":"","meta":{"_et_pb_use_builder":"off","_et_pb_old_content":"","_et_gb_content_width":"","footnotes":""},"class_list":["post-27144","page","type-page","status-publish","hentry"],"_links":{"self":[{"href":"https:\/\/www.adescosa.com\/fr\/wp-json\/wp\/v2\/pages\/27144","targetHints":{"allow":["GET"]}}],"collection":[{"href":"https:\/\/www.adescosa.com\/fr\/wp-json\/wp\/v2\/pages"}],"about":[{"href":"https:\/\/www.adescosa.com\/fr\/wp-json\/wp\/v2\/types\/page"}],"author":[{"embeddable":true,"href":"https:\/\/www.adescosa.com\/fr\/wp-json\/wp\/v2\/users\/181"}],"replies":[{"embeddable":true,"href":"https:\/\/www.adescosa.com\/fr\/wp-json\/wp\/v2\/comments?post=27144"}],"version-history":[{"count":4,"href":"https:\/\/www.adescosa.com\/fr\/wp-json\/wp\/v2\/pages\/27144\/revisions"}],"predecessor-version":[{"id":37158,"href":"https:\/\/www.adescosa.com\/fr\/wp-json\/wp\/v2\/pages\/27144\/revisions\/37158"}],"wp:attachment":[{"href":"https:\/\/www.adescosa.com\/fr\/wp-json\/wp\/v2\/media?parent=27144"}],"curies":[{"name":"wp","href":"https:\/\/api.w.org\/{rel}","templated":true}]}}