{"id":3998,"date":"2018-05-29T04:27:59","date_gmt":"2018-05-29T02:27:59","guid":{"rendered":"https:\/\/ad.dms3labs.cat\/?post_type=product&#038;p=3998"},"modified":"2021-09-20T09:13:04","modified_gmt":"2021-09-20T07:13:04","slug":"aigua-destillada-bag-in-box-10-litres","status":"publish","type":"product","link":"https:\/\/www.adescosa.com\/ca\/botiga-aigues-tecniques\/comprar-aigua-destillada-desionitzada\/aigua-destillada-bag-in-box-10-litres\/","title":{"rendered":"Aigua Desionitzada (Destil\u00b7lada) en Bag in box de 10 litres"},"content":{"rendered":"<ul>\n<li>Packs de bag in box de 10 litres d&#8217;aigua destil\u00b7lada.<\/li>\n<li>Aigua destil\u00b7lada (desionitzada) d&#8217;alta qualitat amb una conductivitat inferior a 1,25 \u00b5S\/cm.<\/li>\n<li>Env\u00e0s de cartr\u00f3 d&#8217;un sol \u00fas.<\/li>\n<\/ul>\n","protected":false},"excerpt":{"rendered":"<p>Packs de bag in box de 10 litres d&#8217;aigua destil\u00b7lada. Aigua destil\u00b7lada (desionitzada) d&#8217;alta qualitat amb una conductivitat inferior a 1,25 \u00b5S\/cm. Env\u00e0s de cartr\u00f3 d&#8217;un sol \u00fas.<\/p>\n","protected":false},"featured_media":4323,"template":"","meta":{"_et_pb_use_builder":"","_et_pb_old_content":"","_et_gb_content_width":""},"product_brand":[],"product_cat":[83],"product_tag":[],"class_list":{"0":"post-3998","1":"product","2":"type-product","3":"status-publish","4":"has-post-thumbnail","6":"product_cat-comprar-aigua-destillada-desionitzada","8":"first","9":"instock","10":"taxable","11":"shipping-taxable","12":"purchasable","13":"product-type-variable","14":"has-default-attributes"},"group_of_quantity":0,"min_quantity":0,"max_quantity":"","exclude_order_quantity_value_rules":"no","exclude_category_quantity_rules":"no","combine_variations":"no","_links":{"self":[{"href":"https:\/\/www.adescosa.com\/ca\/wp-json\/wp\/v2\/product\/3998","targetHints":{"allow":["GET"]}}],"collection":[{"href":"https:\/\/www.adescosa.com\/ca\/wp-json\/wp\/v2\/product"}],"about":[{"href":"https:\/\/www.adescosa.com\/ca\/wp-json\/wp\/v2\/types\/product"}],"wp:featuredmedia":[{"embeddable":true,"href":"https:\/\/www.adescosa.com\/ca\/wp-json\/wp\/v2\/media\/4323"}],"wp:attachment":[{"href":"https:\/\/www.adescosa.com\/ca\/wp-json\/wp\/v2\/media?parent=3998"}],"wp:term":[{"taxonomy":"product_brand","embeddable":true,"href":"https:\/\/www.adescosa.com\/ca\/wp-json\/wp\/v2\/product_brand?post=3998"},{"taxonomy":"product_cat","embeddable":true,"href":"https:\/\/www.adescosa.com\/ca\/wp-json\/wp\/v2\/product_cat?post=3998"},{"taxonomy":"product_tag","embeddable":true,"href":"https:\/\/www.adescosa.com\/ca\/wp-json\/wp\/v2\/product_tag?post=3998"}],"curies":[{"name":"wp","href":"https:\/\/api.w.org\/{rel}","templated":true}]}}